{"id":1521,"date":"2026-04-04T19:49:49","date_gmt":"2026-04-04T19:49:49","guid":{"rendered":"https:\/\/robertkeillor.com\/?page_id=1521"},"modified":"2026-04-04T19:52:28","modified_gmt":"2026-04-04T19:52:28","slug":"boussole-celeste","status":"publish","type":"page","link":"https:\/\/robertkeillor.com\/index.php\/boussole-celeste\/","title":{"rendered":"boussole c\u00e9leste"},"content":{"rendered":"\t\t<div data-elementor-type=\"wp-post\" data-elementor-id=\"1521\" class=\"elementor elementor-1521\">\n\t\t\t\t<div class=\"elementor-element elementor-element-e35c5c3 e-flex e-con-boxed e-con e-parent\" data-id=\"e35c5c3\" data-element_type=\"container\" data-e-type=\"container\">\n\t\t\t\t\t<div class=\"e-con-inner\">\n\t\t\t\t<div class=\"elementor-element elementor-element-a5957b7 elementor-widget elementor-widget-spacer\" data-id=\"a5957b7\" data-element_type=\"widget\" data-e-type=\"widget\" data-widget_type=\"spacer.default\">\n\t\t\t\t\t\t\t<div class=\"elementor-spacer\">\n\t\t\t<div class=\"elementor-spacer-inner\"><\/div>\n\t\t<\/div>\n\t\t\t\t\t\t<\/div>\n\t\t\t\t<div class=\"elementor-element elementor-element-befab80 elementor-widget elementor-widget-text-editor\" data-id=\"befab80\" data-element_type=\"widget\" data-e-type=\"widget\" data-widget_type=\"text-editor.default\">\n\t\t\t\t\t\t\t\t\t<p><strong>robert@robertkeillor.com\u00a0 \u00a0 06 26 28 10 27<\/strong><\/p>\t\t\t\t\t\t\t\t<\/div>\n\t\t\t\t\t<\/div>\n\t\t\t\t<\/div>\n\t\t<div class=\"elementor-element elementor-element-336c922 e-flex e-con-boxed e-con e-parent\" data-id=\"336c922\" data-element_type=\"container\" data-e-type=\"container\">\n\t\t\t\t\t<div class=\"e-con-inner\">\n\t\t\t\t<div class=\"elementor-element elementor-element-67424d3 elementor-widget__width-initial elementor-widget-divider--view-line elementor-widget elementor-widget-divider\" data-id=\"67424d3\" data-element_type=\"widget\" data-e-type=\"widget\" data-widget_type=\"divider.default\">\n\t\t\t\t\t\t\t<div class=\"elementor-divider\">\n\t\t\t<span class=\"elementor-divider-separator\">\n\t\t\t\t\t\t<\/span>\n\t\t<\/div>\n\t\t\t\t\t\t<\/div>\n\t\t\t\t<div class=\"elementor-element elementor-element-74986c9 elementor-widget__width-initial elementor-widget-divider--view-line elementor-widget elementor-widget-divider\" data-id=\"74986c9\" data-element_type=\"widget\" data-e-type=\"widget\" data-widget_type=\"divider.default\">\n\t\t\t\t\t\t\t<div class=\"elementor-divider\">\n\t\t\t<span class=\"elementor-divider-separator\">\n\t\t\t\t\t\t<\/span>\n\t\t<\/div>\n\t\t\t\t\t\t<\/div>\n\t\t\t\t<div class=\"elementor-element elementor-element-6c47cc1 elementor-widget__width-initial elementor-widget elementor-widget-heading\" data-id=\"6c47cc1\" data-element_type=\"widget\" data-e-type=\"widget\" data-widget_type=\"heading.default\">\n\t\t\t\t\t<h2 class=\"elementor-heading-title elementor-size-default\">boussole c\u00e9leste<\/h2>\t\t\t\t<\/div>\n\t\t\t\t\t<\/div>\n\t\t\t\t<\/div>\n\t\t<div class=\"elementor-element elementor-element-2fa125b e-flex e-con-boxed e-con e-parent\" data-id=\"2fa125b\" data-element_type=\"container\" data-e-type=\"container\">\n\t\t\t\t\t<div class=\"e-con-inner\">\n\t\t<div class=\"elementor-element elementor-element-a624e7c e-con-full e-flex e-con e-child\" data-id=\"a624e7c\" data-element_type=\"container\" data-e-type=\"container\">\n\t\t\t\t<div class=\"elementor-element elementor-element-f2ba66a elementor-widget elementor-widget-image\" data-id=\"f2ba66a\" data-element_type=\"widget\" data-e-type=\"widget\" data-widget_type=\"image.default\">\n\t\t\t\t\t\t\t\t\t\t\t\t\t\t\t<img loading=\"lazy\" decoding=\"async\" width=\"651\" height=\"508\" src=\"https:\/\/robertkeillor.com\/wp-content\/uploads\/2026\/04\/boussole-celesteA.jpg\" class=\"attachment-large size-large wp-image-1513\" alt=\"4 metre projet de verre moul\u00e9, sabl\u00e9 en Haut-de-Seine\" srcset=\"https:\/\/robertkeillor.com\/wp-content\/uploads\/2026\/04\/boussole-celesteA.jpg 651w, https:\/\/robertkeillor.com\/wp-content\/uploads\/2026\/04\/boussole-celesteA-300x234.jpg 300w\" sizes=\"auto, (max-width: 651px) 100vw, 651px\" \/>\t\t\t\t\t\t\t\t\t\t\t\t\t\t\t<\/div>\n\t\t\t\t<\/div>\n\t\t<div class=\"elementor-element elementor-element-6a9e0bc e-con-full e-flex e-con e-child\" data-id=\"6a9e0bc\" data-element_type=\"container\" data-e-type=\"container\">\n\t\t\t\t<div class=\"elementor-element elementor-element-e7380db elementor-widget elementor-widget-text-editor\" data-id=\"e7380db\" data-element_type=\"widget\" data-e-type=\"widget\" data-widget_type=\"text-editor.default\">\n\t\t\t\t\t\t\t\t\t<p>La \u00ab Boussole C\u00e9leste \u00bb refl\u00e8te le d\u00e9sir humain de trouver du sens en reliant le temporel \u00e0 l\u2019\u00e9ternel, sugg\u00e9rant que nos vies ne sont pas des parcours isol\u00e9s, mais qu\u2019elles s\u2019inscrivent dans un motif plus vaste, perceptible \u00e0 travers la contemplation, l\u2019imagination et un sentiment d\u2019\u00e9merveillement.<\/p>\n<p>En tant que symbole du voyage de la vie, elle sugg\u00e8re que trouver un sens implique de se reconna\u00eetre comme participant \u00e0 quelque chose de plus grand \u2014 que nos parcours individuels refl\u00e8tent des sch\u00e9mas universels.<\/p>\n<p>Taille : 420cm X 170cm<\/p>\t\t\t\t\t\t\t\t<\/div>\n\t\t\t\t<\/div>\n\t\t\t\t\t<\/div>\n\t\t\t\t<\/div>\n\t\t<div class=\"elementor-element elementor-element-9491c46 e-flex e-con-boxed e-con e-parent\" data-id=\"9491c46\" data-element_type=\"container\" data-e-type=\"container\">\n\t\t\t\t\t<div class=\"e-con-inner\">\n\t\t\t\t<div class=\"elementor-element elementor-element-da97b54 elementor-pagination-position-inside elementor-arrows-position-inside elementor-widget elementor-widget-image-carousel\" data-id=\"da97b54\" data-element_type=\"widget\" data-e-type=\"widget\" data-settings=\"{&quot;autoplay_speed&quot;:2000,&quot;navigation&quot;:&quot;both&quot;,&quot;autoplay&quot;:&quot;yes&quot;,&quot;pause_on_hover&quot;:&quot;yes&quot;,&quot;pause_on_interaction&quot;:&quot;yes&quot;,&quot;infinite&quot;:&quot;yes&quot;,&quot;speed&quot;:500}\" data-widget_type=\"image-carousel.default\">\n\t\t\t\t\t\t\t<div class=\"elementor-image-carousel-wrapper swiper\" role=\"region\" aria-roledescription=\"carousel\" aria-label=\"transfo Carousel\" dir=\"ltr\">\n\t\t\t<div class=\"elementor-image-carousel swiper-wrapper\" aria-live=\"off\">\n\t\t\t\t\t\t\t\t<div class=\"swiper-slide\" role=\"group\" aria-roledescription=\"slide\" aria-label=\"1 of 7\"><a data-elementor-open-lightbox=\"yes\" data-elementor-lightbox-slideshow=\"da97b54\" data-elementor-lightbox-title=\"Boussole Ce\u0301leste detail 2\" data-elementor-lightbox-description=\"Verre moul\u00e9, sabl\u00e9\" data-e-action-hash=\"#elementor-action%3Aaction%3Dlightbox%26settings%3DeyJpZCI6MTUxNCwidXJsIjoiaHR0cHM6XC9cL3JvYmVydGtlaWxsb3IuY29tXC93cC1jb250ZW50XC91cGxvYWRzXC8yMDI2XC8wNFwvYm91c3NvbGUtY2VsZXN0ZS1jb3B5LmpwZyIsInNsaWRlc2hvdyI6ImRhOTdiNTQifQ%3D%3D\" href=\"https:\/\/robertkeillor.com\/wp-content\/uploads\/2026\/04\/boussole-celeste-copy.jpg\"><figure class=\"swiper-slide-inner\"><img decoding=\"async\" class=\"swiper-slide-image\" src=\"https:\/\/robertkeillor.com\/wp-content\/uploads\/2026\/04\/boussole-celeste-copy-300x225.jpg\" alt=\"4 metre projet de verre moul\u00e9, sabl\u00e9 en Haut-de-Seine\" \/><\/figure><\/a><\/div><div class=\"swiper-slide\" role=\"group\" aria-roledescription=\"slide\" aria-label=\"2 of 7\"><a data-elementor-open-lightbox=\"yes\" data-elementor-lightbox-slideshow=\"da97b54\" data-elementor-lightbox-title=\"Boussole Ce\u0301leste detail 3\" data-elementor-lightbox-description=\"Verre moul\u00e9, sabl\u00e9\" data-e-action-hash=\"#elementor-action%3Aaction%3Dlightbox%26settings%3DeyJpZCI6MTUxNSwidXJsIjoiaHR0cHM6XC9cL3JvYmVydGtlaWxsb3IuY29tXC93cC1jb250ZW50XC91cGxvYWRzXC8yMDI2XC8wNFwvYm91c3NvbGUtY2VsZXN0ZTEuanBnIiwic2xpZGVzaG93IjoiZGE5N2I1NCJ9\" href=\"https:\/\/robertkeillor.com\/wp-content\/uploads\/2026\/04\/boussole-celeste1.jpg\"><figure class=\"swiper-slide-inner\"><img decoding=\"async\" class=\"swiper-slide-image\" src=\"https:\/\/robertkeillor.com\/wp-content\/uploads\/2026\/04\/boussole-celeste1-300x225.jpg\" alt=\"4 metre projet de verre moul\u00e9, sabl\u00e9 en Haut-de-Seine\" \/><\/figure><\/a><\/div><div class=\"swiper-slide\" role=\"group\" aria-roledescription=\"slide\" aria-label=\"3 of 7\"><a data-elementor-open-lightbox=\"yes\" data-elementor-lightbox-slideshow=\"da97b54\" data-elementor-lightbox-title=\"Boussole Ce\u0301leste detail 4\" data-elementor-lightbox-description=\"Verre moul\u00e9, sabl\u00e9\" data-e-action-hash=\"#elementor-action%3Aaction%3Dlightbox%26settings%3DeyJpZCI6MTUxNiwidXJsIjoiaHR0cHM6XC9cL3JvYmVydGtlaWxsb3IuY29tXC93cC1jb250ZW50XC91cGxvYWRzXC8yMDI2XC8wNFwvYm91c3NvbGUtY2VsZXN0ZTIuanBnIiwic2xpZGVzaG93IjoiZGE5N2I1NCJ9\" href=\"https:\/\/robertkeillor.com\/wp-content\/uploads\/2026\/04\/boussole-celeste2.jpg\"><figure class=\"swiper-slide-inner\"><img decoding=\"async\" class=\"swiper-slide-image\" src=\"https:\/\/robertkeillor.com\/wp-content\/uploads\/2026\/04\/boussole-celeste2-300x220.jpg\" alt=\"4 metre projet de verre moul\u00e9, sabl\u00e9 en Haut-de-Seine\" \/><\/figure><\/a><\/div><div class=\"swiper-slide\" role=\"group\" aria-roledescription=\"slide\" aria-label=\"4 of 7\"><a data-elementor-open-lightbox=\"yes\" data-elementor-lightbox-slideshow=\"da97b54\" data-elementor-lightbox-title=\"Boussole Ce\u0301leste detail 5\" data-elementor-lightbox-description=\"Verre moul\u00e9, sabl\u00e9\" data-e-action-hash=\"#elementor-action%3Aaction%3Dlightbox%26settings%3DeyJpZCI6MTUxNywidXJsIjoiaHR0cHM6XC9cL3JvYmVydGtlaWxsb3IuY29tXC93cC1jb250ZW50XC91cGxvYWRzXC8yMDI2XC8wNFwvYm91c3NvbGUtY2VsZXN0ZTMuanBnIiwic2xpZGVzaG93IjoiZGE5N2I1NCJ9\" href=\"https:\/\/robertkeillor.com\/wp-content\/uploads\/2026\/04\/boussole-celeste3.jpg\"><figure class=\"swiper-slide-inner\"><img decoding=\"async\" class=\"swiper-slide-image\" src=\"https:\/\/robertkeillor.com\/wp-content\/uploads\/2026\/04\/boussole-celeste3-225x300.jpg\" alt=\"4 metre projet de verre moul\u00e9, sabl\u00e9 en Haut-de-Seine\" \/><\/figure><\/a><\/div><div class=\"swiper-slide\" role=\"group\" aria-roledescription=\"slide\" aria-label=\"5 of 7\"><a data-elementor-open-lightbox=\"yes\" data-elementor-lightbox-slideshow=\"da97b54\" data-elementor-lightbox-title=\"Boussole Ce\u0301leste detail 6\" data-elementor-lightbox-description=\"Verre moul\u00e9, sabl\u00e9\" data-e-action-hash=\"#elementor-action%3Aaction%3Dlightbox%26settings%3DeyJpZCI6MTUxOCwidXJsIjoiaHR0cHM6XC9cL3JvYmVydGtlaWxsb3IuY29tXC93cC1jb250ZW50XC91cGxvYWRzXC8yMDI2XC8wNFwvYm91c3NvbGUtY2VsZXN0ZTQuanBnIiwic2xpZGVzaG93IjoiZGE5N2I1NCJ9\" href=\"https:\/\/robertkeillor.com\/wp-content\/uploads\/2026\/04\/boussole-celeste4.jpg\"><figure class=\"swiper-slide-inner\"><img decoding=\"async\" class=\"swiper-slide-image\" src=\"https:\/\/robertkeillor.com\/wp-content\/uploads\/2026\/04\/boussole-celeste4-217x300.jpg\" alt=\"4 metre projet de verre moul\u00e9, sabl\u00e9 en Haut-de-Seine\" \/><\/figure><\/a><\/div><div class=\"swiper-slide\" role=\"group\" aria-roledescription=\"slide\" aria-label=\"6 of 7\"><a data-elementor-open-lightbox=\"yes\" data-elementor-lightbox-slideshow=\"da97b54\" data-elementor-lightbox-title=\"Boussole Ce\u0301leste\" data-elementor-lightbox-description=\"Verre moul\u00e9, sabl\u00e9\" data-e-action-hash=\"#elementor-action%3Aaction%3Dlightbox%26settings%3DeyJpZCI6MTUxOSwidXJsIjoiaHR0cHM6XC9cL3JvYmVydGtlaWxsb3IuY29tXC93cC1jb250ZW50XC91cGxvYWRzXC8yMDI2XC8wNFwvYm91c3NvbGUtY2VsZXN0ZTYuanBnIiwic2xpZGVzaG93IjoiZGE5N2I1NCJ9\" href=\"https:\/\/robertkeillor.com\/wp-content\/uploads\/2026\/04\/boussole-celeste6.jpg\"><figure class=\"swiper-slide-inner\"><img decoding=\"async\" class=\"swiper-slide-image\" src=\"https:\/\/robertkeillor.com\/wp-content\/uploads\/2026\/04\/boussole-celeste6-300x118.jpg\" alt=\"4 metre projet de verre moul\u00e9, sabl\u00e9 en Haut-de-Seine\" \/><\/figure><\/a><\/div><div class=\"swiper-slide\" role=\"group\" aria-roledescription=\"slide\" aria-label=\"7 of 7\"><a data-elementor-open-lightbox=\"yes\" data-elementor-lightbox-slideshow=\"da97b54\" data-elementor-lightbox-title=\"Boussole Ce\u0301leste detail 7\" data-elementor-lightbox-description=\"Verre moul\u00e9, sabl\u00e9\" data-e-action-hash=\"#elementor-action%3Aaction%3Dlightbox%26settings%3DeyJpZCI6MTUyMCwidXJsIjoiaHR0cHM6XC9cL3JvYmVydGtlaWxsb3IuY29tXC93cC1jb250ZW50XC91cGxvYWRzXC8yMDI2XC8wNFwvYm91c3NvbGUtY2VsZXN0ZTUuanBnIiwic2xpZGVzaG93IjoiZGE5N2I1NCJ9\" href=\"https:\/\/robertkeillor.com\/wp-content\/uploads\/2026\/04\/boussole-celeste5.jpg\"><figure class=\"swiper-slide-inner\"><img decoding=\"async\" class=\"swiper-slide-image\" src=\"https:\/\/robertkeillor.com\/wp-content\/uploads\/2026\/04\/boussole-celeste5-225x300.jpg\" alt=\"4 metre projet de verre moul\u00e9, sabl\u00e9 en Haut-de-Seine\" \/><\/figure><\/a><\/div>\t\t\t<\/div>\n\t\t\t\t\t\t\t\t\t\t\t\t<div class=\"elementor-swiper-button elementor-swiper-button-prev\" role=\"button\" tabindex=\"0\">\n\t\t\t\t\t\t<svg aria-hidden=\"true\" class=\"e-font-icon-svg e-eicon-chevron-left\" viewBox=\"0 0 1000 1000\" xmlns=\"http:\/\/www.w3.org\/2000\/svg\"><path d=\"M646 125C629 125 613 133 604 142L308 442C296 454 292 471 292 487 292 504 296 521 308 533L604 854C617 867 629 875 646 875 663 875 679 871 692 858 704 846 713 829 713 812 713 796 708 779 692 767L438 487 692 225C700 217 708 204 708 187 708 171 704 154 692 142 675 129 663 125 646 125Z\"><\/path><\/svg>\t\t\t\t\t<\/div>\n\t\t\t\t\t<div class=\"elementor-swiper-button elementor-swiper-button-next\" role=\"button\" tabindex=\"0\">\n\t\t\t\t\t\t<svg aria-hidden=\"true\" class=\"e-font-icon-svg e-eicon-chevron-right\" viewBox=\"0 0 1000 1000\" xmlns=\"http:\/\/www.w3.org\/2000\/svg\"><path d=\"M696 533C708 521 713 504 713 487 713 471 708 454 696 446L400 146C388 133 375 125 354 125 338 125 325 129 313 142 300 154 292 171 292 187 292 204 296 221 308 233L563 492 304 771C292 783 288 800 288 817 288 833 296 850 308 863 321 871 338 875 354 875 371 875 388 867 400 854L696 533Z\"><\/path><\/svg>\t\t\t\t\t<\/div>\n\t\t\t\t\n\t\t\t\t\t\t\t\t\t<div class=\"swiper-pagination\"><\/div>\n\t\t\t\t\t\t\t\t\t<\/div>\n\t\t\t\t\t\t<\/div>\n\t\t\t\t\t<\/div>\n\t\t\t\t<\/div>\n\t\t<div class=\"elementor-element elementor-element-27e2330 e-flex e-con-boxed e-con e-parent\" data-id=\"27e2330\" data-element_type=\"container\" data-e-type=\"container\">\n\t\t\t\t\t<div class=\"e-con-inner\">\n\t\t\t\t<div class=\"elementor-element elementor-element-79fb548 elementor-align-center elementor-widget elementor-widget-button\" data-id=\"79fb548\" data-element_type=\"widget\" data-e-type=\"widget\" data-widget_type=\"button.default\">\n\t\t\t\t\t\t\t\t\t\t<a class=\"elementor-button elementor-button-link elementor-size-sm\" href=\"https:\/\/robertkeillor.com\/index.php\/contact-2\/\">\n\t\t\t\t\t\t<span class=\"elementor-button-content-wrapper\">\n\t\t\t\t\t\t\t\t\t<span class=\"elementor-button-text\">contactez nous pour votre projet<\/span>\n\t\t\t\t\t<\/span>\n\t\t\t\t\t<\/a>\n\t\t\t\t\t\t\t\t<\/div>\n\t\t\t\t\t<\/div>\n\t\t\t\t<\/div>\n\t\t<div class=\"elementor-element elementor-element-db21c48 e-flex e-con-boxed e-con e-parent\" data-id=\"db21c48\" data-element_type=\"container\" data-e-type=\"container\">\n\t\t\t\t\t<div class=\"e-con-inner\">\n\t\t\t\t<div class=\"elementor-element elementor-element-ac27ca0 elementor-widget__width-initial elementor-widget-divider--view-line elementor-widget elementor-widget-divider\" data-id=\"ac27ca0\" data-element_type=\"widget\" data-e-type=\"widget\" data-widget_type=\"divider.default\">\n\t\t\t\t\t\t\t<div class=\"elementor-divider\">\n\t\t\t<span class=\"elementor-divider-separator\">\n\t\t\t\t\t\t<\/span>\n\t\t<\/div>\n\t\t\t\t\t\t<\/div>\n\t\t\t\t<div class=\"elementor-element elementor-element-919803c elementor-widget__width-initial elementor-widget-divider--view-line elementor-widget elementor-widget-divider\" data-id=\"919803c\" data-element_type=\"widget\" data-e-type=\"widget\" data-widget_type=\"divider.default\">\n\t\t\t\t\t\t\t<div class=\"elementor-divider\">\n\t\t\t<span class=\"elementor-divider-separator\">\n\t\t\t\t\t\t<\/span>\n\t\t<\/div>\n\t\t\t\t\t\t<\/div>\n\t\t\t\t<div class=\"elementor-element elementor-element-3ff60a0 elementor-widget__width-initial elementor-widget elementor-widget-heading\" data-id=\"3ff60a0\" data-element_type=\"widget\" data-e-type=\"widget\" data-widget_type=\"heading.default\">\n\t\t\t\t\t<h1 class=\"elementor-heading-title elementor-size-default\">Ma\u00eetre verrier - cr\u00e9ation et restauration de vitrail, verre moul\u00e9, verre sabl\u00e9, sculpture<\/h1>\t\t\t\t<\/div>\n\t\t\t\t\t<\/div>\n\t\t\t\t<\/div>\n\t\t<div class=\"elementor-element elementor-element-845ef7b e-flex e-con-boxed e-con e-parent\" data-id=\"845ef7b\" data-element_type=\"container\" data-e-type=\"container\">\n\t\t\t\t\t<div class=\"e-con-inner\">\n\t\t\t\t<div class=\"elementor-element elementor-element-4df7ea9 elementor-widget elementor-widget-heading\" data-id=\"4df7ea9\" data-element_type=\"widget\" data-e-type=\"widget\" data-widget_type=\"heading.default\">\n\t\t\t\t\t<h2 class=\"elementor-heading-title elementor-size-default\">Boulogne Billancourt \u2013 Chatillon \u2013 Chaville \u2013 Clamart - Fontenay-aux-Roses \u2013 Garches - Issy les Moulineaux - Le Plessis Robinson \u2013 Malakoff - Marnes la Coquette \u2013 Meudon \u2013 Montrouge \u2013 Paris - Saint Cloud \u2013 S\u00e8vres \u2013 Suresnes \u2013 Vanves - V\u00e9lizy Villacoublay \u2013 Versailles - Ville d\u2019Avray \u2013 Viroflay<\/h2>\t\t\t\t<\/div>\n\t\t\t\t\t<\/div>\n\t\t\t\t<\/div>\n\t\t\t\t<\/div>\n\t\t","protected":false},"excerpt":{"rendered":"<p>robert@robertkeillor.com\u00a0 \u00a0 06 26 28 10 27 boussole c\u00e9leste La \u00ab Boussole C\u00e9leste \u00bb refl\u00e8te le d\u00e9sir humain de trouver [&hellip;]<\/p>\n","protected":false},"author":1,"featured_media":0,"parent":0,"menu_order":0,"comment_status":"closed","ping_status":"closed","template":"","meta":{"site-sidebar-layout":"no-sidebar","site-content-layout":"","ast-site-content-layout":"full-width-container","site-content-style":"default","site-sidebar-style":"default","ast-global-header-display":"","ast-banner-title-visibility":"","ast-main-header-display":"","ast-hfb-above-header-display":"","ast-hfb-below-header-display":"","ast-hfb-mobile-header-display":"","site-post-title":"","ast-breadcrumbs-content":"","ast-featured-img":"disabled","footer-sml-layout":"","ast-disable-related-posts":"","theme-transparent-header-meta":"","adv-header-id-meta":"","stick-header-meta":"","header-above-stick-meta":"","header-main-stick-meta":"","header-below-stick-meta":"","astra-migrate-meta-layouts":"default","ast-page-background-enabled":"default","ast-page-background-meta":{"desktop":{"background-color":"var(--ast-global-color-5)","background-image":"","background-repeat":"repeat","background-position":"center center","background-size":"auto","background-attachment":"scroll","background-type":"","background-media":"","overlay-type":"","overlay-color":"","overlay-opacity":"","overlay-gradient":""},"tablet":{"background-color":"","background-image":"","background-repeat":"repeat","background-position":"center center","background-size":"auto","background-attachment":"scroll","background-type":"","background-media":"","overlay-type":"","overlay-color":"","overlay-opacity":"","overlay-gradient":""},"mobile":{"background-color":"","background-image":"","background-repeat":"repeat","background-position":"center center","background-size":"auto","background-attachment":"scroll","background-type":"","background-media":"","overlay-type":"","overlay-color":"","overlay-opacity":"","overlay-gradient":""}},"ast-content-background-meta":{"desktop":{"background-color":"var(--ast-global-color-4)","background-image":"","background-repeat":"repeat","background-position":"center center","background-size":"auto","background-attachment":"scroll","background-type":"","background-media":"","overlay-type":"","overlay-color":"","overlay-opacity":"","overlay-gradient":""},"tablet":{"background-color":"var(--ast-global-color-4)","background-image":"","background-repeat":"repeat","background-position":"center center","background-size":"auto","background-attachment":"scroll","background-type":"","background-media":"","overlay-type":"","overlay-color":"","overlay-opacity":"","overlay-gradient":""},"mobile":{"background-color":"var(--ast-global-color-4)","background-image":"","background-repeat":"repeat","background-position":"center center","background-size":"auto","background-attachment":"scroll","background-type":"","background-media":"","overlay-type":"","overlay-color":"","overlay-opacity":"","overlay-gradient":""}},"footnotes":""},"class_list":["post-1521","page","type-page","status-publish","hentry"],"_links":{"self":[{"href":"https:\/\/robertkeillor.com\/index.php\/wp-json\/wp\/v2\/pages\/1521","targetHints":{"allow":["GET"]}}],"collection":[{"href":"https:\/\/robertkeillor.com\/index.php\/wp-json\/wp\/v2\/pages"}],"about":[{"href":"https:\/\/robertkeillor.com\/index.php\/wp-json\/wp\/v2\/types\/page"}],"author":[{"embeddable":true,"href":"https:\/\/robertkeillor.com\/index.php\/wp-json\/wp\/v2\/users\/1"}],"replies":[{"embeddable":true,"href":"https:\/\/robertkeillor.com\/index.php\/wp-json\/wp\/v2\/comments?post=1521"}],"version-history":[{"count":7,"href":"https:\/\/robertkeillor.com\/index.php\/wp-json\/wp\/v2\/pages\/1521\/revisions"}],"predecessor-version":[{"id":1529,"href":"https:\/\/robertkeillor.com\/index.php\/wp-json\/wp\/v2\/pages\/1521\/revisions\/1529"}],"wp:attachment":[{"href":"https:\/\/robertkeillor.com\/index.php\/wp-json\/wp\/v2\/media?parent=1521"}],"curies":[{"name":"wp","href":"https:\/\/api.w.org\/{rel}","templated":true}]}}