{"id":389,"date":"2025-11-16T16:22:33","date_gmt":"2025-11-16T16:22:33","guid":{"rendered":"https:\/\/robertkeillor.com\/?page_id=389"},"modified":"2026-02-06T18:15:15","modified_gmt":"2026-02-06T18:15:15","slug":"restauration-vitrail","status":"publish","type":"page","link":"https:\/\/robertkeillor.com\/index.php\/restauration-vitrail\/","title":{"rendered":"restaurations"},"content":{"rendered":"\t\t<div data-elementor-type=\"wp-post\" data-elementor-id=\"389\" class=\"elementor elementor-389\">\n\t\t\t\t<div class=\"elementor-element elementor-element-e35c5c3 e-flex e-con-boxed e-con e-parent\" data-id=\"e35c5c3\" data-element_type=\"container\" data-e-type=\"container\">\n\t\t\t\t\t<div class=\"e-con-inner\">\n\t\t\t\t<div class=\"elementor-element elementor-element-a5957b7 elementor-widget elementor-widget-spacer\" data-id=\"a5957b7\" data-element_type=\"widget\" data-e-type=\"widget\" data-widget_type=\"spacer.default\">\n\t\t\t\t\t\t\t<div class=\"elementor-spacer\">\n\t\t\t<div class=\"elementor-spacer-inner\"><\/div>\n\t\t<\/div>\n\t\t\t\t\t\t<\/div>\n\t\t\t\t<div class=\"elementor-element elementor-element-befab80 elementor-widget elementor-widget-text-editor\" data-id=\"befab80\" data-element_type=\"widget\" data-e-type=\"widget\" data-widget_type=\"text-editor.default\">\n\t\t\t\t\t\t\t\t\t<p><strong>robert@robertkeillor.com\u00a0 \u00a0 06 26 28 10 27<\/strong><\/p>\t\t\t\t\t\t\t\t<\/div>\n\t\t\t\t\t<\/div>\n\t\t\t\t<\/div>\n\t\t<div class=\"elementor-element elementor-element-336c922 e-flex e-con-boxed e-con e-parent\" data-id=\"336c922\" data-element_type=\"container\" data-e-type=\"container\">\n\t\t\t\t\t<div class=\"e-con-inner\">\n\t\t\t\t<div class=\"elementor-element elementor-element-67424d3 elementor-widget__width-initial elementor-widget-divider--view-line elementor-widget elementor-widget-divider\" data-id=\"67424d3\" data-element_type=\"widget\" data-e-type=\"widget\" data-widget_type=\"divider.default\">\n\t\t\t\t\t\t\t<div class=\"elementor-divider\">\n\t\t\t<span class=\"elementor-divider-separator\">\n\t\t\t\t\t\t<\/span>\n\t\t<\/div>\n\t\t\t\t\t\t<\/div>\n\t\t\t\t<div class=\"elementor-element elementor-element-74986c9 elementor-widget__width-initial elementor-widget-divider--view-line elementor-widget elementor-widget-divider\" data-id=\"74986c9\" data-element_type=\"widget\" data-e-type=\"widget\" data-widget_type=\"divider.default\">\n\t\t\t\t\t\t\t<div class=\"elementor-divider\">\n\t\t\t<span class=\"elementor-divider-separator\">\n\t\t\t\t\t\t<\/span>\n\t\t<\/div>\n\t\t\t\t\t\t<\/div>\n\t\t\t\t<div class=\"elementor-element elementor-element-6c47cc1 elementor-widget__width-initial elementor-widget elementor-widget-heading\" data-id=\"6c47cc1\" data-element_type=\"widget\" data-e-type=\"widget\" data-widget_type=\"heading.default\">\n\t\t\t\t\t<h2 class=\"elementor-heading-title elementor-size-default\">restaurations<\/h2>\t\t\t\t<\/div>\n\t\t\t\t\t<\/div>\n\t\t\t\t<\/div>\n\t\t<div class=\"elementor-element elementor-element-2fa125b e-flex e-con-boxed e-con e-parent\" data-id=\"2fa125b\" data-element_type=\"container\" data-e-type=\"container\">\n\t\t\t\t\t<div class=\"e-con-inner\">\n\t\t<div class=\"elementor-element elementor-element-a624e7c e-con-full e-flex e-con e-child\" data-id=\"a624e7c\" data-element_type=\"container\" data-e-type=\"container\">\n\t\t\t\t<div class=\"elementor-element elementor-element-f2ba66a elementor-widget elementor-widget-image\" data-id=\"f2ba66a\" data-element_type=\"widget\" data-e-type=\"widget\" data-widget_type=\"image.default\">\n\t\t\t\t\t\t\t\t\t\t\t\t\t\t\t<img loading=\"lazy\" decoding=\"async\" width=\"510\" height=\"471\" src=\"https:\/\/robertkeillor.com\/wp-content\/uploads\/2025\/11\/restauration-detail-3-vitrail.jpg\" class=\"attachment-large size-large wp-image-33\" alt=\"Detail d&#039;un restauration d&#039;un vitrail ancien en Hauts-de-Seine\" srcset=\"https:\/\/robertkeillor.com\/wp-content\/uploads\/2025\/11\/restauration-detail-3-vitrail.jpg 510w, https:\/\/robertkeillor.com\/wp-content\/uploads\/2025\/11\/restauration-detail-3-vitrail-300x277.jpg 300w\" sizes=\"auto, (max-width: 510px) 100vw, 510px\" \/>\t\t\t\t\t\t\t\t\t\t\t\t\t\t\t<\/div>\n\t\t\t\t<\/div>\n\t\t<div class=\"elementor-element elementor-element-6a9e0bc e-con-full e-flex e-con e-child\" data-id=\"6a9e0bc\" data-element_type=\"container\" data-e-type=\"container\">\n\t\t\t\t<div class=\"elementor-element elementor-element-e7380db elementor-widget elementor-widget-text-editor\" data-id=\"e7380db\" data-element_type=\"widget\" data-e-type=\"widget\" data-widget_type=\"text-editor.default\">\n\t\t\t\t\t\t\t\t\t<p>\u00a0Chez <b>Robert Keillor Atelier du Verre<\/b>, nous sommes convaincus que chaque vitrail ancien est un morceau d&#8217;histoire vivante. Avec le temps, m\u00eame le vitrail le plus parfaitement con\u00e7u peut se briser ou perdre de sa solidit\u00e9.<\/p><p>Notre r\u00f4le est de pr\u00e9server cet h\u00e9ritage tout en conservant son authenticit\u00e9 en lui redonnant sa force et son \u00e9clat.<\/p><p>Gr\u00e2ce \u00e0 notre processus de restauration expert et m\u00e9ticuleux, nous nous engageons \u00e0 redonner la vie \u00e0 ces pi\u00e8ces intemporelles. Notre intervention assure qu\u2019elles dureront pour les g\u00e9n\u00e9rations futures.<\/p><p>Qu&#8217;il s&#8217;agisse d&#8217;une \u00e9glise historique, d&#8217;un b\u00e2timent d&#8217;\u00e9poque ou d&#8217;un vitrail familial pr\u00e9cieux, chaque projet est abord\u00e9 avec soin, savoir-faire et respect de son histoire.<\/p>\t\t\t\t\t\t\t\t<\/div>\n\t\t\t\t<\/div>\n\t\t\t\t\t<\/div>\n\t\t\t\t<\/div>\n\t\t<div class=\"elementor-element elementor-element-9491c46 e-flex e-con-boxed e-con e-parent\" data-id=\"9491c46\" data-element_type=\"container\" data-e-type=\"container\">\n\t\t\t\t\t<div class=\"e-con-inner\">\n\t\t\t\t<div class=\"elementor-element elementor-element-da97b54 elementor-pagination-position-inside elementor-arrows-position-inside elementor-widget elementor-widget-image-carousel\" data-id=\"da97b54\" data-element_type=\"widget\" data-e-type=\"widget\" data-settings=\"{&quot;autoplay_speed&quot;:2000,&quot;navigation&quot;:&quot;both&quot;,&quot;autoplay&quot;:&quot;yes&quot;,&quot;pause_on_hover&quot;:&quot;yes&quot;,&quot;pause_on_interaction&quot;:&quot;yes&quot;,&quot;infinite&quot;:&quot;yes&quot;,&quot;speed&quot;:500}\" data-widget_type=\"image-carousel.default\">\n\t\t\t\t\t\t\t<div class=\"elementor-image-carousel-wrapper swiper\" role=\"region\" aria-roledescription=\"carousel\" aria-label=\"vitrail Carousel\" dir=\"ltr\">\n\t\t\t<div class=\"elementor-image-carousel swiper-wrapper\" aria-live=\"off\">\n\t\t\t\t\t\t\t\t<div class=\"swiper-slide\" role=\"group\" aria-roledescription=\"slide\" aria-label=\"1 of 7\"><a data-elementor-open-lightbox=\"yes\" data-elementor-lightbox-slideshow=\"da97b54\" data-elementor-lightbox-title=\"Restauration de vitrail detail 3\" data-elementor-lightbox-description=\"Restauration de vitrail\nTaille totale : 180cm X 300cm\" data-e-action-hash=\"#elementor-action%3Aaction%3Dlightbox%26settings%3DeyJpZCI6Mzk3LCJ1cmwiOiJodHRwczpcL1wvcm9iZXJ0a2VpbGxvci5jb21cL3dwLWNvbnRlbnRcL3VwbG9hZHNcLzIwMjVcLzExXC9yZXN0YXVyYXRpb24tZGUtdml0cmFpbC1kZXRhaWwtMy5qcGciLCJzbGlkZXNob3ciOiJkYTk3YjU0In0%3D\" href=\"https:\/\/robertkeillor.com\/wp-content\/uploads\/2025\/11\/restauration-de-vitrail-detail-3.jpg\"><figure class=\"swiper-slide-inner\"><img decoding=\"async\" class=\"swiper-slide-image\" src=\"https:\/\/robertkeillor.com\/wp-content\/uploads\/2025\/11\/restauration-de-vitrail-detail-3-300x225.jpg\" alt=\"Detail d&#039;un restauration d&#039;un vitrail d&#039;une \u00e9glise en Hauts-de-Seine\" \/><\/figure><\/a><\/div><div class=\"swiper-slide\" role=\"group\" aria-roledescription=\"slide\" aria-label=\"2 of 7\"><a data-elementor-open-lightbox=\"yes\" data-elementor-lightbox-slideshow=\"da97b54\" data-elementor-lightbox-title=\"Restauration de vitrail detail 2\" data-elementor-lightbox-description=\"Restauration de vitrail\nTaille totale : 180cm X 300cm\" data-e-action-hash=\"#elementor-action%3Aaction%3Dlightbox%26settings%3DeyJpZCI6Mzk4LCJ1cmwiOiJodHRwczpcL1wvcm9iZXJ0a2VpbGxvci5jb21cL3dwLWNvbnRlbnRcL3VwbG9hZHNcLzIwMjVcLzExXC9yZXN0YXVyYXRpb24tZGUtdml0cmFpbC1kZXRhaWwtMi5qcGciLCJzbGlkZXNob3ciOiJkYTk3YjU0In0%3D\" href=\"https:\/\/robertkeillor.com\/wp-content\/uploads\/2025\/11\/restauration-de-vitrail-detail-2.jpg\"><figure class=\"swiper-slide-inner\"><img decoding=\"async\" class=\"swiper-slide-image\" src=\"https:\/\/robertkeillor.com\/wp-content\/uploads\/2025\/11\/restauration-de-vitrail-detail-2-300x233.jpg\" alt=\"Detail d&#039;un restauration d&#039;un vitrail ancien en Hauts-de-Seine\" \/><\/figure><\/a><\/div><div class=\"swiper-slide\" role=\"group\" aria-roledescription=\"slide\" aria-label=\"3 of 7\"><a data-elementor-open-lightbox=\"yes\" data-elementor-lightbox-slideshow=\"da97b54\" data-elementor-lightbox-title=\"Restauration de vitrail detail 1\" data-elementor-lightbox-description=\"Restauration de vitrail\nTaille totale : 180cm X 300cm\" data-e-action-hash=\"#elementor-action%3Aaction%3Dlightbox%26settings%3DeyJpZCI6Mzk5LCJ1cmwiOiJodHRwczpcL1wvcm9iZXJ0a2VpbGxvci5jb21cL3dwLWNvbnRlbnRcL3VwbG9hZHNcLzIwMjVcLzExXC9yZXN0YXVyYXRpb24tZGUtdml0cmFpbC1kZXRhaWwtMS5qcGciLCJzbGlkZXNob3ciOiJkYTk3YjU0In0%3D\" href=\"https:\/\/robertkeillor.com\/wp-content\/uploads\/2025\/11\/restauration-de-vitrail-detail-1.jpg\"><figure class=\"swiper-slide-inner\"><img decoding=\"async\" class=\"swiper-slide-image\" src=\"https:\/\/robertkeillor.com\/wp-content\/uploads\/2025\/11\/restauration-de-vitrail-detail-1-300x281.jpg\" alt=\"Detail d&#039;un restauration d&#039;un vitrail d&#039;une \u00e9glise en Hauts-de-Seine\" \/><\/figure><\/a><\/div><div class=\"swiper-slide\" role=\"group\" aria-roledescription=\"slide\" aria-label=\"4 of 7\"><a data-elementor-open-lightbox=\"yes\" data-elementor-lightbox-slideshow=\"da97b54\" data-elementor-lightbox-title=\"Atelier 1 vitrail verre moul\u00e9\" data-elementor-lightbox-description=\"Verre moul\u00e9 et vitrail restaur\u00e9 \" data-e-action-hash=\"#elementor-action%3Aaction%3Dlightbox%26settings%3DeyJpZCI6NDAyLCJ1cmwiOiJodHRwczpcL1wvcm9iZXJ0a2VpbGxvci5jb21cL3dwLWNvbnRlbnRcL3VwbG9hZHNcLzIwMjVcLzExXC9hdGVsaWVyLTEtdml0cmFpbC12ZXJyZS1tb3VsZS5qcGVnIiwic2xpZGVzaG93IjoiZGE5N2I1NCJ9\" href=\"https:\/\/robertkeillor.com\/wp-content\/uploads\/2025\/11\/atelier-1-vitrail-verre-moule.jpeg\"><figure class=\"swiper-slide-inner\"><img decoding=\"async\" class=\"swiper-slide-image\" src=\"https:\/\/robertkeillor.com\/wp-content\/uploads\/2025\/11\/atelier-1-vitrail-verre-moule-300x259.jpeg\" alt=\"Verre moul\u00e9 et un vitrail dans l&#039;atelier en Hauts-de-Seine\" \/><\/figure><\/a><\/div><div class=\"swiper-slide\" role=\"group\" aria-roledescription=\"slide\" aria-label=\"5 of 7\"><a data-elementor-open-lightbox=\"yes\" data-elementor-lightbox-slideshow=\"da97b54\" data-elementor-lightbox-title=\"Restauration des fleures avant vitrail\" data-elementor-lightbox-description=\"Taille : 44cm X 60cm\" data-e-action-hash=\"#elementor-action%3Aaction%3Dlightbox%26settings%3DeyJpZCI6Mzk1LCJ1cmwiOiJodHRwczpcL1wvcm9iZXJ0a2VpbGxvci5jb21cL3dwLWNvbnRlbnRcL3VwbG9hZHNcLzIwMjVcLzExXC9yZXN0YXVyYXRpb24tZGVzLWZsZXVyZXMtYXZhbnQtdml0cmFpbC5qcGciLCJzbGlkZXNob3ciOiJkYTk3YjU0In0%3D\" href=\"https:\/\/robertkeillor.com\/wp-content\/uploads\/2025\/11\/restauration-des-fleures-avant-vitrail.jpg\"><figure class=\"swiper-slide-inner\"><img decoding=\"async\" class=\"swiper-slide-image\" src=\"https:\/\/robertkeillor.com\/wp-content\/uploads\/2025\/11\/restauration-des-fleures-avant-vitrail-194x300.jpg\" alt=\"Avant un restauration d&#039;un vitrail des fleurs en Hauts-de-Seine\" \/><\/figure><\/a><\/div><div class=\"swiper-slide\" role=\"group\" aria-roledescription=\"slide\" aria-label=\"6 of 7\"><a data-elementor-open-lightbox=\"yes\" data-elementor-lightbox-slideshow=\"da97b54\" data-elementor-lightbox-title=\"Restauration des fleures apr\u00e8s vitrail\" data-elementor-lightbox-description=\"Taille : 44cm X 60cm\" data-e-action-hash=\"#elementor-action%3Aaction%3Dlightbox%26settings%3DeyJpZCI6Mzk2LCJ1cmwiOiJodHRwczpcL1wvcm9iZXJ0a2VpbGxvci5jb21cL3dwLWNvbnRlbnRcL3VwbG9hZHNcLzIwMjVcLzExXC9yZXN0YXVyYXRpb24tZGVzLWZsZXVyZXMtYXByZXMtdml0cmFpbC5qcGciLCJzbGlkZXNob3ciOiJkYTk3YjU0In0%3D\" href=\"https:\/\/robertkeillor.com\/wp-content\/uploads\/2025\/11\/restauration-des-fleures-apres-vitrail.jpg\"><figure class=\"swiper-slide-inner\"><img decoding=\"async\" class=\"swiper-slide-image\" src=\"https:\/\/robertkeillor.com\/wp-content\/uploads\/2025\/11\/restauration-des-fleures-apres-vitrail-189x300.jpg\" alt=\"Apr\u00e8s un restauration d&#039;un vitrail des fleurs en Hauts-de-Seine\" \/><\/figure><\/a><\/div><div class=\"swiper-slide\" role=\"group\" aria-roledescription=\"slide\" aria-label=\"7 of 7\"><a data-elementor-open-lightbox=\"yes\" data-elementor-lightbox-slideshow=\"da97b54\" data-elementor-lightbox-title=\"Porte de cabinet courb\u00e9 vitrail\" data-elementor-lightbox-description=\"Restauration de vitrail\nTaille : 48cm X 112cm\" data-e-action-hash=\"#elementor-action%3Aaction%3Dlightbox%26settings%3DeyJpZCI6NDAxLCJ1cmwiOiJodHRwczpcL1wvcm9iZXJ0a2VpbGxvci5jb21cL3dwLWNvbnRlbnRcL3VwbG9hZHNcLzIwMjVcLzExXC9wb3J0ZS1kZS1jYWJpbmV0LWNvdXJiZS12aXRyYWlsLmpwZyIsInNsaWRlc2hvdyI6ImRhOTdiNTQifQ%3D%3D\" href=\"https:\/\/robertkeillor.com\/wp-content\/uploads\/2025\/11\/porte-de-cabinet-courbe-vitrail.jpg\"><figure class=\"swiper-slide-inner\"><img decoding=\"async\" class=\"swiper-slide-image\" src=\"https:\/\/robertkeillor.com\/wp-content\/uploads\/2025\/11\/porte-de-cabinet-courbe-vitrail-112x300.jpg\" alt=\"Restauration d&#039;un vitrail courb\u00e9 en Hauts-de-Seine\" \/><\/figure><\/a><\/div>\t\t\t<\/div>\n\t\t\t\t\t\t\t\t\t\t\t\t<div class=\"elementor-swiper-button elementor-swiper-button-prev\" role=\"button\" tabindex=\"0\">\n\t\t\t\t\t\t<svg aria-hidden=\"true\" class=\"e-font-icon-svg e-eicon-chevron-left\" viewBox=\"0 0 1000 1000\" xmlns=\"http:\/\/www.w3.org\/2000\/svg\"><path d=\"M646 125C629 125 613 133 604 142L308 442C296 454 292 471 292 487 292 504 296 521 308 533L604 854C617 867 629 875 646 875 663 875 679 871 692 858 704 846 713 829 713 812 713 796 708 779 692 767L438 487 692 225C700 217 708 204 708 187 708 171 704 154 692 142 675 129 663 125 646 125Z\"><\/path><\/svg>\t\t\t\t\t<\/div>\n\t\t\t\t\t<div class=\"elementor-swiper-button elementor-swiper-button-next\" role=\"button\" tabindex=\"0\">\n\t\t\t\t\t\t<svg aria-hidden=\"true\" class=\"e-font-icon-svg e-eicon-chevron-right\" viewBox=\"0 0 1000 1000\" xmlns=\"http:\/\/www.w3.org\/2000\/svg\"><path d=\"M696 533C708 521 713 504 713 487 713 471 708 454 696 446L400 146C388 133 375 125 354 125 338 125 325 129 313 142 300 154 292 171 292 187 292 204 296 221 308 233L563 492 304 771C292 783 288 800 288 817 288 833 296 850 308 863 321 871 338 875 354 875 371 875 388 867 400 854L696 533Z\"><\/path><\/svg>\t\t\t\t\t<\/div>\n\t\t\t\t\n\t\t\t\t\t\t\t\t\t<div class=\"swiper-pagination\"><\/div>\n\t\t\t\t\t\t\t\t\t<\/div>\n\t\t\t\t\t\t<\/div>\n\t\t\t\t\t<\/div>\n\t\t\t\t<\/div>\n\t\t<div class=\"elementor-element elementor-element-27e2330 e-flex e-con-boxed e-con e-parent\" data-id=\"27e2330\" data-element_type=\"container\" data-e-type=\"container\">\n\t\t\t\t\t<div class=\"e-con-inner\">\n\t\t\t\t<div class=\"elementor-element elementor-element-79fb548 elementor-align-center elementor-widget elementor-widget-button\" data-id=\"79fb548\" data-element_type=\"widget\" data-e-type=\"widget\" data-widget_type=\"button.default\">\n\t\t\t\t\t\t\t\t\t\t<a class=\"elementor-button elementor-button-link elementor-size-sm\" href=\"https:\/\/robertkeillor.com\/index.php\/contact-2\/\">\n\t\t\t\t\t\t<span class=\"elementor-button-content-wrapper\">\n\t\t\t\t\t\t\t\t\t<span class=\"elementor-button-text\">contactez nous pour votre projet<\/span>\n\t\t\t\t\t<\/span>\n\t\t\t\t\t<\/a>\n\t\t\t\t\t\t\t\t<\/div>\n\t\t\t\t\t<\/div>\n\t\t\t\t<\/div>\n\t\t<div class=\"elementor-element elementor-element-0755903 e-flex e-con-boxed e-con e-parent\" data-id=\"0755903\" data-element_type=\"container\" data-e-type=\"container\">\n\t\t\t\t\t<div class=\"e-con-inner\">\n\t\t\t\t<div class=\"elementor-element elementor-element-f89190d elementor-widget__width-initial elementor-widget-divider--view-line elementor-widget elementor-widget-divider\" data-id=\"f89190d\" data-element_type=\"widget\" data-e-type=\"widget\" data-widget_type=\"divider.default\">\n\t\t\t\t\t\t\t<div class=\"elementor-divider\">\n\t\t\t<span class=\"elementor-divider-separator\">\n\t\t\t\t\t\t<\/span>\n\t\t<\/div>\n\t\t\t\t\t\t<\/div>\n\t\t\t\t<div class=\"elementor-element elementor-element-ff4c940 elementor-widget__width-initial elementor-widget-divider--view-line elementor-widget elementor-widget-divider\" data-id=\"ff4c940\" data-element_type=\"widget\" data-e-type=\"widget\" data-widget_type=\"divider.default\">\n\t\t\t\t\t\t\t<div class=\"elementor-divider\">\n\t\t\t<span class=\"elementor-divider-separator\">\n\t\t\t\t\t\t<\/span>\n\t\t<\/div>\n\t\t\t\t\t\t<\/div>\n\t\t\t\t<div class=\"elementor-element elementor-element-ece7f5d elementor-widget__width-initial elementor-widget elementor-widget-heading\" data-id=\"ece7f5d\" data-element_type=\"widget\" data-e-type=\"widget\" data-widget_type=\"heading.default\">\n\t\t\t\t\t<h1 class=\"elementor-heading-title elementor-size-default\">Ma\u00eetre verrier - cr\u00e9ation et restauration de vitrail, verre moul\u00e9, verre sabl\u00e9, sculpture<\/h1>\t\t\t\t<\/div>\n\t\t\t\t\t<\/div>\n\t\t\t\t<\/div>\n\t\t<div class=\"elementor-element elementor-element-496537b e-flex e-con-boxed e-con e-parent\" data-id=\"496537b\" data-element_type=\"container\" data-e-type=\"container\">\n\t\t\t\t\t<div class=\"e-con-inner\">\n\t\t\t\t<div class=\"elementor-element elementor-element-e2e8930 elementor-widget elementor-widget-heading\" data-id=\"e2e8930\" data-element_type=\"widget\" data-e-type=\"widget\" data-widget_type=\"heading.default\">\n\t\t\t\t\t<h2 class=\"elementor-heading-title elementor-size-default\">Boulogne Billancourt \u2013 Chatillon \u2013 Chaville \u2013 Clamart - Fontenay-aux-Roses \u2013 Garches - Issy les Moulineaux - Le Plessis Robinson \u2013 Malakoff - Marnes la Coquette \u2013 Meudon \u2013 Montrouge \u2013 Paris - Saint Cloud \u2013 S\u00e8vres \u2013 Suresnes \u2013 Vanves - V\u00e9lizy Villacoublay \u2013 Versailles - Ville d\u2019Avray \u2013 Viroflay<\/h2>\t\t\t\t<\/div>\n\t\t\t\t\t<\/div>\n\t\t\t\t<\/div>\n\t\t\t\t<\/div>\n\t\t","protected":false},"excerpt":{"rendered":"<p>robert@robertkeillor.com\u00a0 \u00a0 06 26 28 10 27 restaurations \u00a0Chez Robert Keillor Atelier du Verre, nous sommes convaincus que chaque vitrail [&hellip;]<\/p>\n","protected":false},"author":1,"featured_media":0,"parent":0,"menu_order":0,"comment_status":"closed","ping_status":"closed","template":"","meta":{"site-sidebar-layout":"no-sidebar","site-content-layout":"","ast-site-content-layout":"full-width-container","site-content-style":"default","site-sidebar-style":"default","ast-global-header-display":"","ast-banner-title-visibility":"","ast-main-header-display":"","ast-hfb-above-header-display":"","ast-hfb-below-header-display":"","ast-hfb-mobile-header-display":"","site-post-title":"","ast-breadcrumbs-content":"","ast-featured-img":"disabled","footer-sml-layout":"","ast-disable-related-posts":"","theme-transparent-header-meta":"","adv-header-id-meta":"","stick-header-meta":"","header-above-stick-meta":"","header-main-stick-meta":"","header-below-stick-meta":"","astra-migrate-meta-layouts":"default","ast-page-background-enabled":"default","ast-page-background-meta":{"desktop":{"background-color":"var(--ast-global-color-5)","background-image":"","background-repeat":"repeat","background-position":"center center","background-size":"auto","background-attachment":"scroll","background-type":"","background-media":"","overlay-type":"","overlay-color":"","overlay-opacity":"","overlay-gradient":""},"tablet":{"background-color":"","background-image":"","background-repeat":"repeat","background-position":"center center","background-size":"auto","background-attachment":"scroll","background-type":"","background-media":"","overlay-type":"","overlay-color":"","overlay-opacity":"","overlay-gradient":""},"mobile":{"background-color":"","background-image":"","background-repeat":"repeat","background-position":"center center","background-size":"auto","background-attachment":"scroll","background-type":"","background-media":"","overlay-type":"","overlay-color":"","overlay-opacity":"","overlay-gradient":""}},"ast-content-background-meta":{"desktop":{"background-color":"var(--ast-global-color-4)","background-image":"","background-repeat":"repeat","background-position":"center center","background-size":"auto","background-attachment":"scroll","background-type":"","background-media":"","overlay-type":"","overlay-color":"","overlay-opacity":"","overlay-gradient":""},"tablet":{"background-color":"var(--ast-global-color-4)","background-image":"","background-repeat":"repeat","background-position":"center center","background-size":"auto","background-attachment":"scroll","background-type":"","background-media":"","overlay-type":"","overlay-color":"","overlay-opacity":"","overlay-gradient":""},"mobile":{"background-color":"var(--ast-global-color-4)","background-image":"","background-repeat":"repeat","background-position":"center center","background-size":"auto","background-attachment":"scroll","background-type":"","background-media":"","overlay-type":"","overlay-color":"","overlay-opacity":"","overlay-gradient":""}},"footnotes":""},"class_list":["post-389","page","type-page","status-publish","hentry"],"_links":{"self":[{"href":"https:\/\/robertkeillor.com\/index.php\/wp-json\/wp\/v2\/pages\/389","targetHints":{"allow":["GET"]}}],"collection":[{"href":"https:\/\/robertkeillor.com\/index.php\/wp-json\/wp\/v2\/pages"}],"about":[{"href":"https:\/\/robertkeillor.com\/index.php\/wp-json\/wp\/v2\/types\/page"}],"author":[{"embeddable":true,"href":"https:\/\/robertkeillor.com\/index.php\/wp-json\/wp\/v2\/users\/1"}],"replies":[{"embeddable":true,"href":"https:\/\/robertkeillor.com\/index.php\/wp-json\/wp\/v2\/comments?post=389"}],"version-history":[{"count":61,"href":"https:\/\/robertkeillor.com\/index.php\/wp-json\/wp\/v2\/pages\/389\/revisions"}],"predecessor-version":[{"id":1257,"href":"https:\/\/robertkeillor.com\/index.php\/wp-json\/wp\/v2\/pages\/389\/revisions\/1257"}],"wp:attachment":[{"href":"https:\/\/robertkeillor.com\/index.php\/wp-json\/wp\/v2\/media?parent=389"}],"curies":[{"name":"wp","href":"https:\/\/api.w.org\/{rel}","templated":true}]}}