{"id":548,"date":"2025-11-16T20:43:05","date_gmt":"2025-11-16T20:43:05","guid":{"rendered":"https:\/\/robertkeillor.com\/?page_id=548"},"modified":"2026-02-06T18:37:55","modified_gmt":"2026-02-06T18:37:55","slug":"corsets-et-bustes-feminins","status":"publish","type":"page","link":"https:\/\/robertkeillor.com\/index.php\/corsets-et-bustes-feminins\/","title":{"rendered":"corsets et bustes f\u00e9minins"},"content":{"rendered":"\t\t<div data-elementor-type=\"wp-post\" data-elementor-id=\"548\" class=\"elementor elementor-548\">\n\t\t\t\t<div class=\"elementor-element elementor-element-e35c5c3 e-flex e-con-boxed e-con e-parent\" data-id=\"e35c5c3\" data-element_type=\"container\" data-e-type=\"container\">\n\t\t\t\t\t<div class=\"e-con-inner\">\n\t\t\t\t<div class=\"elementor-element elementor-element-a5957b7 elementor-widget elementor-widget-spacer\" data-id=\"a5957b7\" data-element_type=\"widget\" data-e-type=\"widget\" data-widget_type=\"spacer.default\">\n\t\t\t\t\t\t\t<div class=\"elementor-spacer\">\n\t\t\t<div class=\"elementor-spacer-inner\"><\/div>\n\t\t<\/div>\n\t\t\t\t\t\t<\/div>\n\t\t\t\t<div class=\"elementor-element elementor-element-befab80 elementor-widget elementor-widget-text-editor\" data-id=\"befab80\" data-element_type=\"widget\" data-e-type=\"widget\" data-widget_type=\"text-editor.default\">\n\t\t\t\t\t\t\t\t\t<p><strong>robert@robertkeillor.com\u00a0 \u00a0 06 26 28 10 27<\/strong><\/p>\t\t\t\t\t\t\t\t<\/div>\n\t\t\t\t\t<\/div>\n\t\t\t\t<\/div>\n\t\t<div class=\"elementor-element elementor-element-336c922 e-flex e-con-boxed e-con e-parent\" data-id=\"336c922\" data-element_type=\"container\" data-e-type=\"container\">\n\t\t\t\t\t<div class=\"e-con-inner\">\n\t\t\t\t<div class=\"elementor-element elementor-element-67424d3 elementor-widget__width-initial elementor-widget-divider--view-line elementor-widget elementor-widget-divider\" data-id=\"67424d3\" data-element_type=\"widget\" data-e-type=\"widget\" data-widget_type=\"divider.default\">\n\t\t\t\t\t\t\t<div class=\"elementor-divider\">\n\t\t\t<span class=\"elementor-divider-separator\">\n\t\t\t\t\t\t<\/span>\n\t\t<\/div>\n\t\t\t\t\t\t<\/div>\n\t\t\t\t<div class=\"elementor-element elementor-element-74986c9 elementor-widget__width-initial elementor-widget-divider--view-line elementor-widget elementor-widget-divider\" data-id=\"74986c9\" data-element_type=\"widget\" data-e-type=\"widget\" data-widget_type=\"divider.default\">\n\t\t\t\t\t\t\t<div class=\"elementor-divider\">\n\t\t\t<span class=\"elementor-divider-separator\">\n\t\t\t\t\t\t<\/span>\n\t\t<\/div>\n\t\t\t\t\t\t<\/div>\n\t\t\t\t<div class=\"elementor-element elementor-element-6c47cc1 elementor-widget__width-initial elementor-widget elementor-widget-heading\" data-id=\"6c47cc1\" data-element_type=\"widget\" data-e-type=\"widget\" data-widget_type=\"heading.default\">\n\t\t\t\t\t<h2 class=\"elementor-heading-title elementor-size-default\">corsets et bustes f\u00e9minins<\/h2>\t\t\t\t<\/div>\n\t\t\t\t\t<\/div>\n\t\t\t\t<\/div>\n\t\t<div class=\"elementor-element elementor-element-2fa125b e-flex e-con-boxed e-con e-parent\" data-id=\"2fa125b\" data-element_type=\"container\" data-e-type=\"container\">\n\t\t\t\t\t<div class=\"e-con-inner\">\n\t\t<div class=\"elementor-element elementor-element-a624e7c e-con-full e-flex e-con e-child\" data-id=\"a624e7c\" data-element_type=\"container\" data-e-type=\"container\">\n\t\t\t\t<div class=\"elementor-element elementor-element-f2ba66a elementor-widget__width-initial elementor-widget elementor-widget-image\" data-id=\"f2ba66a\" data-element_type=\"widget\" data-e-type=\"widget\" data-widget_type=\"image.default\">\n\t\t\t\t\t\t\t\t\t\t\t\t\t\t\t<img loading=\"lazy\" decoding=\"async\" width=\"510\" height=\"659\" src=\"https:\/\/robertkeillor.com\/wp-content\/uploads\/2025\/11\/torse-feminine-detail-page-photo-sculpture-en-verre.jpg\" class=\"attachment-large size-large wp-image-938\" alt=\"Sculpture Torse F\u00e9minine en verre, detail en Hauts-de-Seine\" srcset=\"https:\/\/robertkeillor.com\/wp-content\/uploads\/2025\/11\/torse-feminine-detail-page-photo-sculpture-en-verre.jpg 510w, https:\/\/robertkeillor.com\/wp-content\/uploads\/2025\/11\/torse-feminine-detail-page-photo-sculpture-en-verre-232x300.jpg 232w\" sizes=\"auto, (max-width: 510px) 100vw, 510px\" \/>\t\t\t\t\t\t\t\t\t\t\t\t\t\t\t<\/div>\n\t\t\t\t<\/div>\n\t\t<div class=\"elementor-element elementor-element-6a9e0bc e-con-full e-flex e-con e-child\" data-id=\"6a9e0bc\" data-element_type=\"container\" data-e-type=\"container\">\n\t\t\t\t<div class=\"elementor-element elementor-element-e7380db elementor-widget elementor-widget-text-editor\" data-id=\"e7380db\" data-element_type=\"widget\" data-e-type=\"widget\" data-widget_type=\"text-editor.default\">\n\t\t\t\t\t\t\t\t\t<p>La cr\u00e9ation de ces formes est un dialogue intime entre la mati\u00e8re, l&#8217;\u00e9motion et le corps lui-m\u00eame. Dans le verre, la figure f\u00e9minine s&#8217;\u00e9ternise, offrant un reflet tendre de la f\u00e9minit\u00e9 dans toute sa complexit\u00e9 et sa force sereine.<\/p><p>Chaque pi\u00e8ce c\u00e9l\u00e8bre les forces int\u00e9rieures, la douceur cach\u00e9e et la beaut\u00e9 intime que nous n\u00e9gligeons souvent.<\/p><p>Ces bustes et corsets jouent avec la silhouette et la mati\u00e8re, r\u00e9v\u00e9lant la po\u00e9sie des formes par le jeu de la lumi\u00e8re et de l&#8217;ombre. Ils rendent hommage \u00e0 la f\u00e9minit\u00e9 : expressifs, \u00e9mouvants et magnifiquement vivants.<\/p>\t\t\t\t\t\t\t\t<\/div>\n\t\t\t\t<\/div>\n\t\t\t\t\t<\/div>\n\t\t\t\t<\/div>\n\t\t<div class=\"elementor-element elementor-element-9491c46 e-flex e-con-boxed e-con e-parent\" data-id=\"9491c46\" data-element_type=\"container\" data-e-type=\"container\">\n\t\t\t\t\t<div class=\"e-con-inner\">\n\t\t\t\t<div class=\"elementor-element elementor-element-da97b54 elementor-pagination-position-inside elementor-arrows-position-inside elementor-widget elementor-widget-image-carousel\" data-id=\"da97b54\" data-element_type=\"widget\" data-e-type=\"widget\" data-settings=\"{&quot;autoplay_speed&quot;:2000,&quot;navigation&quot;:&quot;both&quot;,&quot;autoplay&quot;:&quot;yes&quot;,&quot;pause_on_hover&quot;:&quot;yes&quot;,&quot;pause_on_interaction&quot;:&quot;yes&quot;,&quot;infinite&quot;:&quot;yes&quot;,&quot;speed&quot;:500}\" data-widget_type=\"image-carousel.default\">\n\t\t\t\t\t\t\t<div class=\"elementor-image-carousel-wrapper swiper\" role=\"region\" aria-roledescription=\"carousel\" aria-label=\"corset Carousel\" dir=\"ltr\">\n\t\t\t<div class=\"elementor-image-carousel swiper-wrapper\" aria-live=\"off\">\n\t\t\t\t\t\t\t\t<div class=\"swiper-slide\" role=\"group\" aria-roledescription=\"slide\" aria-label=\"1 of 6\"><a data-elementor-open-lightbox=\"yes\" data-elementor-lightbox-slideshow=\"da97b54\" data-elementor-lightbox-title=\"Corset Vert, detail\" data-elementor-lightbox-description=\"Verre moul\u00e9, sabl\u00e9, peinture \nTaille : 27cm X 48cm X 20cm\" data-e-action-hash=\"#elementor-action%3Aaction%3Dlightbox%26settings%3DeyJpZCI6ODM4LCJ1cmwiOiJodHRwczpcL1wvcm9iZXJ0a2VpbGxvci5jb21cL3dwLWNvbnRlbnRcL3VwbG9hZHNcLzIwMjVcLzExXC9jb3JzZXQtdmVydC1kZXRhaWwtc2N1bHB0dXJlLWVuLXZlcnJlLmpwZyIsInNsaWRlc2hvdyI6ImRhOTdiNTQifQ%3D%3D\" href=\"https:\/\/robertkeillor.com\/wp-content\/uploads\/2025\/11\/corset-vert-detail-sculpture-en-verre.jpg\"><figure class=\"swiper-slide-inner\"><img decoding=\"async\" class=\"swiper-slide-image\" src=\"https:\/\/robertkeillor.com\/wp-content\/uploads\/2025\/11\/corset-vert-detail-sculpture-en-verre-200x300.jpg\" alt=\"Sculpture en verre corset Vert detail en Hauts-de-seine\" \/><\/figure><\/a><\/div><div class=\"swiper-slide\" role=\"group\" aria-roledescription=\"slide\" aria-label=\"2 of 6\"><a data-elementor-open-lightbox=\"yes\" data-elementor-lightbox-slideshow=\"da97b54\" data-elementor-lightbox-title=\"Corset Rouge\" data-elementor-lightbox-description=\"Verre moul\u00e9, peinture, \nTaille : 27cm X 48cm X 20cm\" data-e-action-hash=\"#elementor-action%3Aaction%3Dlightbox%26settings%3DeyJpZCI6ODM2LCJ1cmwiOiJodHRwczpcL1wvcm9iZXJ0a2VpbGxvci5jb21cL3dwLWNvbnRlbnRcL3VwbG9hZHNcLzIwMjVcLzExXC9jb3JzZXQtcm91Z2Utc2N1bHB0dXJlLWVuLXZlcnJlLmpwZyIsInNsaWRlc2hvdyI6ImRhOTdiNTQifQ%3D%3D\" href=\"https:\/\/robertkeillor.com\/wp-content\/uploads\/2025\/11\/corset-rouge-sculpture-en-verre.jpg\"><figure class=\"swiper-slide-inner\"><img decoding=\"async\" class=\"swiper-slide-image\" src=\"https:\/\/robertkeillor.com\/wp-content\/uploads\/2025\/11\/corset-rouge-sculpture-en-verre-200x300.jpg\" alt=\"Corset Rouge en verre en Hauts-de-Seine\" \/><\/figure><\/a><\/div><div class=\"swiper-slide\" role=\"group\" aria-roledescription=\"slide\" aria-label=\"3 of 6\"><a data-elementor-open-lightbox=\"yes\" data-elementor-lightbox-slideshow=\"da97b54\" data-elementor-lightbox-title=\"Corset en verre clair detail 1\" data-elementor-lightbox-description=\"Verre moul\u00e9, peinture, \nTaille : 27cm X 48cm X 20cm\" data-e-action-hash=\"#elementor-action%3Aaction%3Dlightbox%26settings%3DeyJpZCI6MTEzMCwidXJsIjoiaHR0cHM6XC9cL3JvYmVydGtlaWxsb3IuY29tXC93cC1jb250ZW50XC91cGxvYWRzXC8yMDI1XC8xMlwvY29yc2V0LWVuLXZlcnJlLWNsYWlyLWRldGFpbC0xLXNjdWxwdHVyZS1lbi12ZXJyZS5qcGciLCJzbGlkZXNob3ciOiJkYTk3YjU0In0%3D\" href=\"https:\/\/robertkeillor.com\/wp-content\/uploads\/2025\/12\/corset-en-verre-clair-detail-1-sculpture-en-verre.jpg\"><figure class=\"swiper-slide-inner\"><img decoding=\"async\" class=\"swiper-slide-image\" src=\"https:\/\/robertkeillor.com\/wp-content\/uploads\/2025\/12\/corset-en-verre-clair-detail-1-sculpture-en-verre-300x200.jpg\" alt=\"Sculpture en verre corset clair detail 1 en Hauts-de-seine\" \/><\/figure><\/a><\/div><div class=\"swiper-slide\" role=\"group\" aria-roledescription=\"slide\" aria-label=\"4 of 6\"><a data-elementor-open-lightbox=\"yes\" data-elementor-lightbox-slideshow=\"da97b54\" data-elementor-lightbox-title=\"Torse F\u00e9minine 2\" data-elementor-lightbox-description=\"Verre moul\u00e9, sabl\u00e9\nTaille : 32cm X 60cm X 24cm\" data-e-action-hash=\"#elementor-action%3Aaction%3Dlightbox%26settings%3DeyJpZCI6ODMzLCJ1cmwiOiJodHRwczpcL1wvcm9iZXJ0a2VpbGxvci5jb21cL3dwLWNvbnRlbnRcL3VwbG9hZHNcLzIwMjVcLzExXC90b3JzZS1mZW1pbmluZS0yLXNjdWxwdHVyZS1lbi12ZXJyZS5qcGciLCJzbGlkZXNob3ciOiJkYTk3YjU0In0%3D\" href=\"https:\/\/robertkeillor.com\/wp-content\/uploads\/2025\/11\/torse-feminine-2-sculpture-en-verre.jpg\"><figure class=\"swiper-slide-inner\"><img decoding=\"async\" class=\"swiper-slide-image\" src=\"https:\/\/robertkeillor.com\/wp-content\/uploads\/2025\/11\/torse-feminine-2-sculpture-en-verre-236x300.jpg\" alt=\"Torse F\u00e9minine 2 en verre Hauts-de-Seine\" \/><\/figure><\/a><\/div><div class=\"swiper-slide\" role=\"group\" aria-roledescription=\"slide\" aria-label=\"5 of 6\"><a data-elementor-open-lightbox=\"yes\" data-elementor-lightbox-slideshow=\"da97b54\" data-elementor-lightbox-title=\"Torse F\u00e9minine 1\" data-elementor-lightbox-description=\"Verre moul\u00e9, sabl\u00e9\nTaille : 32cm X 58cm X 24cm\" data-e-action-hash=\"#elementor-action%3Aaction%3Dlightbox%26settings%3DeyJpZCI6ODM1LCJ1cmwiOiJodHRwczpcL1wvcm9iZXJ0a2VpbGxvci5jb21cL3dwLWNvbnRlbnRcL3VwbG9hZHNcLzIwMjVcLzExXC90b3JzZS1mZW1pbmluZS0xLmpwZyIsInNsaWRlc2hvdyI6ImRhOTdiNTQifQ%3D%3D\" href=\"https:\/\/robertkeillor.com\/wp-content\/uploads\/2025\/11\/torse-feminine-1.jpg\"><figure class=\"swiper-slide-inner\"><img decoding=\"async\" class=\"swiper-slide-image\" src=\"https:\/\/robertkeillor.com\/wp-content\/uploads\/2025\/11\/torse-feminine-1-201x300.jpg\" alt=\"Torse F\u00e9minine en verre en Hauts-de-Seine\" \/><\/figure><\/a><\/div><div class=\"swiper-slide\" role=\"group\" aria-roledescription=\"slide\" aria-label=\"6 of 6\"><a data-elementor-open-lightbox=\"yes\" data-elementor-lightbox-slideshow=\"da97b54\" data-elementor-lightbox-title=\"Torse F\u00e9minine 1b\" data-elementor-lightbox-description=\"Verre moul\u00e9, sabl\u00e9\nTaille : 32cm X 58cm X 24cm\" data-e-action-hash=\"#elementor-action%3Aaction%3Dlightbox%26settings%3DeyJpZCI6ODM0LCJ1cmwiOiJodHRwczpcL1wvcm9iZXJ0a2VpbGxvci5jb21cL3dwLWNvbnRlbnRcL3VwbG9hZHNcLzIwMjVcLzExXC90b3JzZS1mZW1pbmluZS0xYi5qcGciLCJzbGlkZXNob3ciOiJkYTk3YjU0In0%3D\" href=\"https:\/\/robertkeillor.com\/wp-content\/uploads\/2025\/11\/torse-feminine-1b.jpg\"><figure class=\"swiper-slide-inner\"><img decoding=\"async\" class=\"swiper-slide-image\" src=\"https:\/\/robertkeillor.com\/wp-content\/uploads\/2025\/11\/torse-feminine-1b-200x300.jpg\" alt=\"Torse F\u00e9minine en verre en Hauts-de-Seine\" \/><\/figure><\/a><\/div>\t\t\t<\/div>\n\t\t\t\t\t\t\t\t\t\t\t\t<div class=\"elementor-swiper-button elementor-swiper-button-prev\" role=\"button\" tabindex=\"0\">\n\t\t\t\t\t\t<svg aria-hidden=\"true\" class=\"e-font-icon-svg e-eicon-chevron-left\" viewBox=\"0 0 1000 1000\" xmlns=\"http:\/\/www.w3.org\/2000\/svg\"><path d=\"M646 125C629 125 613 133 604 142L308 442C296 454 292 471 292 487 292 504 296 521 308 533L604 854C617 867 629 875 646 875 663 875 679 871 692 858 704 846 713 829 713 812 713 796 708 779 692 767L438 487 692 225C700 217 708 204 708 187 708 171 704 154 692 142 675 129 663 125 646 125Z\"><\/path><\/svg>\t\t\t\t\t<\/div>\n\t\t\t\t\t<div class=\"elementor-swiper-button elementor-swiper-button-next\" role=\"button\" tabindex=\"0\">\n\t\t\t\t\t\t<svg aria-hidden=\"true\" class=\"e-font-icon-svg e-eicon-chevron-right\" viewBox=\"0 0 1000 1000\" xmlns=\"http:\/\/www.w3.org\/2000\/svg\"><path d=\"M696 533C708 521 713 504 713 487 713 471 708 454 696 446L400 146C388 133 375 125 354 125 338 125 325 129 313 142 300 154 292 171 292 187 292 204 296 221 308 233L563 492 304 771C292 783 288 800 288 817 288 833 296 850 308 863 321 871 338 875 354 875 371 875 388 867 400 854L696 533Z\"><\/path><\/svg>\t\t\t\t\t<\/div>\n\t\t\t\t\n\t\t\t\t\t\t\t\t\t<div class=\"swiper-pagination\"><\/div>\n\t\t\t\t\t\t\t\t\t<\/div>\n\t\t\t\t\t\t<\/div>\n\t\t\t\t\t<\/div>\n\t\t\t\t<\/div>\n\t\t<div class=\"elementor-element elementor-element-27e2330 e-flex e-con-boxed e-con e-parent\" data-id=\"27e2330\" data-element_type=\"container\" data-e-type=\"container\">\n\t\t\t\t\t<div class=\"e-con-inner\">\n\t\t\t\t<div class=\"elementor-element elementor-element-79fb548 elementor-align-center elementor-widget elementor-widget-button\" data-id=\"79fb548\" data-element_type=\"widget\" data-e-type=\"widget\" data-widget_type=\"button.default\">\n\t\t\t\t\t\t\t\t\t\t<a class=\"elementor-button elementor-button-link elementor-size-sm\" href=\"https:\/\/robertkeillor.com\/index.php\/contact-2\/\">\n\t\t\t\t\t\t<span class=\"elementor-button-content-wrapper\">\n\t\t\t\t\t\t\t\t\t<span class=\"elementor-button-text\">contactez nous pour votre projet<\/span>\n\t\t\t\t\t<\/span>\n\t\t\t\t\t<\/a>\n\t\t\t\t\t\t\t\t<\/div>\n\t\t\t\t\t<\/div>\n\t\t\t\t<\/div>\n\t\t<div class=\"elementor-element elementor-element-e00700d e-flex e-con-boxed e-con e-parent\" data-id=\"e00700d\" data-element_type=\"container\" data-e-type=\"container\">\n\t\t\t\t\t<div class=\"e-con-inner\">\n\t\t\t\t<div class=\"elementor-element elementor-element-21407dc elementor-widget__width-initial elementor-widget-divider--view-line elementor-widget elementor-widget-divider\" data-id=\"21407dc\" data-element_type=\"widget\" data-e-type=\"widget\" data-widget_type=\"divider.default\">\n\t\t\t\t\t\t\t<div class=\"elementor-divider\">\n\t\t\t<span class=\"elementor-divider-separator\">\n\t\t\t\t\t\t<\/span>\n\t\t<\/div>\n\t\t\t\t\t\t<\/div>\n\t\t\t\t<div class=\"elementor-element elementor-element-c0c9ea0 elementor-widget__width-initial elementor-widget-divider--view-line elementor-widget elementor-widget-divider\" data-id=\"c0c9ea0\" data-element_type=\"widget\" data-e-type=\"widget\" data-widget_type=\"divider.default\">\n\t\t\t\t\t\t\t<div class=\"elementor-divider\">\n\t\t\t<span class=\"elementor-divider-separator\">\n\t\t\t\t\t\t<\/span>\n\t\t<\/div>\n\t\t\t\t\t\t<\/div>\n\t\t\t\t<div class=\"elementor-element elementor-element-6858371 elementor-widget__width-initial elementor-widget elementor-widget-heading\" data-id=\"6858371\" data-element_type=\"widget\" data-e-type=\"widget\" data-widget_type=\"heading.default\">\n\t\t\t\t\t<h1 class=\"elementor-heading-title elementor-size-default\">Ma\u00eetre verrier - cr\u00e9ation et restauration de vitrail, verre moul\u00e9, verre sabl\u00e9, sculpture<\/h1>\t\t\t\t<\/div>\n\t\t\t\t\t<\/div>\n\t\t\t\t<\/div>\n\t\t<div class=\"elementor-element elementor-element-15b6058 e-flex e-con-boxed e-con e-parent\" data-id=\"15b6058\" data-element_type=\"container\" data-e-type=\"container\">\n\t\t\t\t\t<div class=\"e-con-inner\">\n\t\t\t\t<div class=\"elementor-element elementor-element-c9053fb elementor-widget elementor-widget-heading\" data-id=\"c9053fb\" data-element_type=\"widget\" data-e-type=\"widget\" data-widget_type=\"heading.default\">\n\t\t\t\t\t<h2 class=\"elementor-heading-title elementor-size-default\">Boulogne Billancourt \u2013 Chatillon \u2013 Chaville \u2013 Clamart - Fontenay-aux-Roses \u2013 Garches - Issy les Moulineaux - Le Plessis Robinson \u2013 Malakoff - Marnes la Coquette \u2013 Meudon \u2013 Montrouge \u2013 Paris - Saint Cloud \u2013 S\u00e8vres \u2013 Suresnes \u2013 Vanves - V\u00e9lizy Villacoublay \u2013 Versailles - Ville d\u2019Avray \u2013 Viroflay<\/h2>\t\t\t\t<\/div>\n\t\t\t\t\t<\/div>\n\t\t\t\t<\/div>\n\t\t\t\t<\/div>\n\t\t","protected":false},"excerpt":{"rendered":"<p>robert@robertkeillor.com\u00a0 \u00a0 06 26 28 10 27 corsets et bustes f\u00e9minins La cr\u00e9ation de ces formes est un dialogue intime [&hellip;]<\/p>\n","protected":false},"author":1,"featured_media":0,"parent":0,"menu_order":0,"comment_status":"closed","ping_status":"closed","template":"","meta":{"site-sidebar-layout":"no-sidebar","site-content-layout":"","ast-site-content-layout":"full-width-container","site-content-style":"default","site-sidebar-style":"default","ast-global-header-display":"","ast-banner-title-visibility":"","ast-main-header-display":"","ast-hfb-above-header-display":"","ast-hfb-below-header-display":"","ast-hfb-mobile-header-display":"","site-post-title":"","ast-breadcrumbs-content":"","ast-featured-img":"disabled","footer-sml-layout":"","ast-disable-related-posts":"","theme-transparent-header-meta":"","adv-header-id-meta":"","stick-header-meta":"","header-above-stick-meta":"","header-main-stick-meta":"","header-below-stick-meta":"","astra-migrate-meta-layouts":"default","ast-page-background-enabled":"default","ast-page-background-meta":{"desktop":{"background-color":"var(--ast-global-color-5)","background-image":"","background-repeat":"repeat","background-position":"center center","background-size":"auto","background-attachment":"scroll","background-type":"","background-media":"","overlay-type":"","overlay-color":"","overlay-opacity":"","overlay-gradient":""},"tablet":{"background-color":"","background-image":"","background-repeat":"repeat","background-position":"center center","background-size":"auto","background-attachment":"scroll","background-type":"","background-media":"","overlay-type":"","overlay-color":"","overlay-opacity":"","overlay-gradient":""},"mobile":{"background-color":"","background-image":"","background-repeat":"repeat","background-position":"center center","background-size":"auto","background-attachment":"scroll","background-type":"","background-media":"","overlay-type":"","overlay-color":"","overlay-opacity":"","overlay-gradient":""}},"ast-content-background-meta":{"desktop":{"background-color":"var(--ast-global-color-4)","background-image":"","background-repeat":"repeat","background-position":"center center","background-size":"auto","background-attachment":"scroll","background-type":"","background-media":"","overlay-type":"","overlay-color":"","overlay-opacity":"","overlay-gradient":""},"tablet":{"background-color":"var(--ast-global-color-4)","background-image":"","background-repeat":"repeat","background-position":"center center","background-size":"auto","background-attachment":"scroll","background-type":"","background-media":"","overlay-type":"","overlay-color":"","overlay-opacity":"","overlay-gradient":""},"mobile":{"background-color":"var(--ast-global-color-4)","background-image":"","background-repeat":"repeat","background-position":"center center","background-size":"auto","background-attachment":"scroll","background-type":"","background-media":"","overlay-type":"","overlay-color":"","overlay-opacity":"","overlay-gradient":""}},"footnotes":""},"class_list":["post-548","page","type-page","status-publish","hentry"],"_links":{"self":[{"href":"https:\/\/robertkeillor.com\/index.php\/wp-json\/wp\/v2\/pages\/548","targetHints":{"allow":["GET"]}}],"collection":[{"href":"https:\/\/robertkeillor.com\/index.php\/wp-json\/wp\/v2\/pages"}],"about":[{"href":"https:\/\/robertkeillor.com\/index.php\/wp-json\/wp\/v2\/types\/page"}],"author":[{"embeddable":true,"href":"https:\/\/robertkeillor.com\/index.php\/wp-json\/wp\/v2\/users\/1"}],"replies":[{"embeddable":true,"href":"https:\/\/robertkeillor.com\/index.php\/wp-json\/wp\/v2\/comments?post=548"}],"version-history":[{"count":49,"href":"https:\/\/robertkeillor.com\/index.php\/wp-json\/wp\/v2\/pages\/548\/revisions"}],"predecessor-version":[{"id":1315,"href":"https:\/\/robertkeillor.com\/index.php\/wp-json\/wp\/v2\/pages\/548\/revisions\/1315"}],"wp:attachment":[{"href":"https:\/\/robertkeillor.com\/index.php\/wp-json\/wp\/v2\/media?parent=548"}],"curies":[{"name":"wp","href":"https:\/\/api.w.org\/{rel}","templated":true}]}}