{"id":566,"date":"2025-11-16T20:54:26","date_gmt":"2025-11-16T20:54:26","guid":{"rendered":"https:\/\/robertkeillor.com\/?page_id=566"},"modified":"2026-02-07T17:06:02","modified_gmt":"2026-02-07T17:06:02","slug":"spirit-totem","status":"publish","type":"page","link":"https:\/\/robertkeillor.com\/index.php\/spirit-totem\/","title":{"rendered":"spirit totem"},"content":{"rendered":"\t\t<div data-elementor-type=\"wp-post\" data-elementor-id=\"566\" class=\"elementor elementor-566\">\n\t\t\t\t<div class=\"elementor-element elementor-element-e35c5c3 e-flex e-con-boxed e-con e-parent\" data-id=\"e35c5c3\" data-element_type=\"container\" data-e-type=\"container\">\n\t\t\t\t\t<div class=\"e-con-inner\">\n\t\t\t\t<div class=\"elementor-element elementor-element-a5957b7 elementor-widget elementor-widget-spacer\" data-id=\"a5957b7\" data-element_type=\"widget\" data-e-type=\"widget\" data-widget_type=\"spacer.default\">\n\t\t\t\t\t\t\t<div class=\"elementor-spacer\">\n\t\t\t<div class=\"elementor-spacer-inner\"><\/div>\n\t\t<\/div>\n\t\t\t\t\t\t<\/div>\n\t\t\t\t<div class=\"elementor-element elementor-element-befab80 elementor-widget elementor-widget-text-editor\" data-id=\"befab80\" data-element_type=\"widget\" data-e-type=\"widget\" data-widget_type=\"text-editor.default\">\n\t\t\t\t\t\t\t\t\t<p><strong>robert@robertkeillor.com\u00a0 \u00a0 06 26 28 10 27<\/strong><\/p>\t\t\t\t\t\t\t\t<\/div>\n\t\t\t\t\t<\/div>\n\t\t\t\t<\/div>\n\t\t<div class=\"elementor-element elementor-element-336c922 e-flex e-con-boxed e-con e-parent\" data-id=\"336c922\" data-element_type=\"container\" data-e-type=\"container\">\n\t\t\t\t\t<div class=\"e-con-inner\">\n\t\t\t\t<div class=\"elementor-element elementor-element-67424d3 elementor-widget__width-initial elementor-widget-divider--view-line elementor-widget elementor-widget-divider\" data-id=\"67424d3\" data-element_type=\"widget\" data-e-type=\"widget\" data-widget_type=\"divider.default\">\n\t\t\t\t\t\t\t<div class=\"elementor-divider\">\n\t\t\t<span class=\"elementor-divider-separator\">\n\t\t\t\t\t\t<\/span>\n\t\t<\/div>\n\t\t\t\t\t\t<\/div>\n\t\t\t\t<div class=\"elementor-element elementor-element-74986c9 elementor-widget__width-initial elementor-widget-divider--view-line elementor-widget elementor-widget-divider\" data-id=\"74986c9\" data-element_type=\"widget\" data-e-type=\"widget\" data-widget_type=\"divider.default\">\n\t\t\t\t\t\t\t<div class=\"elementor-divider\">\n\t\t\t<span class=\"elementor-divider-separator\">\n\t\t\t\t\t\t<\/span>\n\t\t<\/div>\n\t\t\t\t\t\t<\/div>\n\t\t\t\t<div class=\"elementor-element elementor-element-6c47cc1 elementor-widget__width-initial elementor-widget elementor-widget-heading\" data-id=\"6c47cc1\" data-element_type=\"widget\" data-e-type=\"widget\" data-widget_type=\"heading.default\">\n\t\t\t\t\t<h2 class=\"elementor-heading-title elementor-size-default\">spirit totem<\/h2>\t\t\t\t<\/div>\n\t\t\t\t\t<\/div>\n\t\t\t\t<\/div>\n\t\t<div class=\"elementor-element elementor-element-2ae1dc7 e-flex e-con-boxed e-con e-parent\" data-id=\"2ae1dc7\" data-element_type=\"container\" data-e-type=\"container\">\n\t\t\t\t\t<div class=\"e-con-inner\">\n\t\t<div class=\"elementor-element elementor-element-adb0c08 e-con-full e-flex e-con e-child\" data-id=\"adb0c08\" data-element_type=\"container\" data-e-type=\"container\">\n\t\t\t\t<div class=\"elementor-element elementor-element-8102780 elementor-widget elementor-widget-image\" data-id=\"8102780\" data-element_type=\"widget\" data-e-type=\"widget\" data-widget_type=\"image.default\">\n\t\t\t\t\t\t\t\t\t\t\t\t\t\t\t<img loading=\"lazy\" decoding=\"async\" width=\"510\" height=\"702\" src=\"http:\/\/robertkeillor.com\/wp-content\/uploads\/2025\/11\/spirit-totem-page-photo-vitrail.jpg\" class=\"attachment-large size-large wp-image-890\" alt=\"Totem sculpture en vitrail en Hauts-de-Seine\" srcset=\"http:\/\/robertkeillor.com\/wp-content\/uploads\/2025\/11\/spirit-totem-page-photo-vitrail.jpg 510w, http:\/\/robertkeillor.com\/wp-content\/uploads\/2025\/11\/spirit-totem-page-photo-vitrail-218x300.jpg 218w\" sizes=\"auto, (max-width: 510px) 100vw, 510px\" \/>\t\t\t\t\t\t\t\t\t\t\t\t\t\t\t<\/div>\n\t\t\t\t<\/div>\n\t\t<div class=\"elementor-element elementor-element-18fc966 e-con-full e-flex e-con e-child\" data-id=\"18fc966\" data-element_type=\"container\" data-e-type=\"container\">\n\t\t\t\t<div class=\"elementor-element elementor-element-eaf748e elementor-widget elementor-widget-text-editor\" data-id=\"eaf748e\" data-element_type=\"widget\" data-e-type=\"widget\" data-widget_type=\"text-editor.default\">\n\t\t\t\t\t\t\t\t\t<p>Le spirit Totem est n\u00e9 comme les autres totems traditionnels, pour raconter une histoire. C&#8217;est ma r\u00e9ponse \u00e0 une demande concernant les mythes et l\u00e9gendes canadiens. La plupart des l\u00e9gendes canadiennes puisent leurs sources dans l&#8217;Europe et je souhaitais partager un patrimoine unique au Canada.<\/p>\n<p>Durant mes ann\u00e9es \u00e0 Vancouver, j&#8217;ai \u00e9t\u00e9 profond\u00e9ment influenc\u00e9 par la culture des peuples premiers gr\u00e2ce \u00e0 des nombreux amis proches. Leur lien \u00e0 la terre et leur spiritualit\u00e9 est indissociable. Les l\u00e9gendes qui d\u00e9finissent ce lien ont durablement marqu\u00e9 mon propre syst\u00e8me de croyances.<\/p>\n<p>En cr\u00e9ant le Spirit Totem, mon inspiration \u00e9tait de partager cet art ancestral qui repr\u00e9sente \u00e0 la fois un peuple et une philosophie mill\u00e9naires.<\/p>\n<p>Taille : 265cm X 235cm<\/p>\t\t\t\t\t\t\t\t<\/div>\n\t\t\t\t<\/div>\n\t\t\t\t\t<\/div>\n\t\t\t\t<\/div>\n\t\t<div class=\"elementor-element elementor-element-9491c46 e-flex e-con-boxed e-con e-parent\" data-id=\"9491c46\" data-element_type=\"container\" data-e-type=\"container\">\n\t\t\t\t\t<div class=\"e-con-inner\">\n\t\t\t\t<div class=\"elementor-element elementor-element-da97b54 elementor-pagination-position-inside elementor-arrows-position-inside elementor-widget elementor-widget-image-carousel\" data-id=\"da97b54\" data-element_type=\"widget\" data-e-type=\"widget\" data-settings=\"{&quot;autoplay_speed&quot;:2000,&quot;navigation&quot;:&quot;both&quot;,&quot;autoplay&quot;:&quot;yes&quot;,&quot;pause_on_hover&quot;:&quot;yes&quot;,&quot;pause_on_interaction&quot;:&quot;yes&quot;,&quot;infinite&quot;:&quot;yes&quot;,&quot;speed&quot;:500}\" data-widget_type=\"image-carousel.default\">\n\t\t\t\t\t\t\t<div class=\"elementor-image-carousel-wrapper swiper\" role=\"region\" aria-roledescription=\"carousel\" aria-label=\"totem Carousel\" dir=\"ltr\">\n\t\t\t<div class=\"elementor-image-carousel swiper-wrapper\" aria-live=\"off\">\n\t\t\t\t\t\t\t\t<div class=\"swiper-slide\" role=\"group\" aria-roledescription=\"slide\" aria-label=\"1 of 9\"><a data-elementor-open-lightbox=\"yes\" data-elementor-lightbox-slideshow=\"da97b54\" data-elementor-lightbox-title=\"Spirit Totem\" data-elementor-lightbox-description=\"Vitrail perc\u00e9 assembl\u00e9\" data-e-action-hash=\"#elementor-action%3Aaction%3Dlightbox%26settings%3DeyJpZCI6ODk5LCJ1cmwiOiJodHRwOlwvXC9yb2JlcnRrZWlsbG9yLmNvbVwvd3AtY29udGVudFwvdXBsb2Fkc1wvMjAyNVwvMTFcL3NwaXJpdC10b3RlbS12aXRyYWlsLmpwZyIsInNsaWRlc2hvdyI6ImRhOTdiNTQifQ%3D%3D\" href=\"http:\/\/robertkeillor.com\/wp-content\/uploads\/2025\/11\/spirit-totem-vitrail.jpg\"><figure class=\"swiper-slide-inner\"><img decoding=\"async\" class=\"swiper-slide-image\" src=\"http:\/\/robertkeillor.com\/wp-content\/uploads\/2025\/11\/spirit-totem-vitrail-204x300.jpg\" alt=\"Totem sculpture en vitrail en Hauts-de-Seine\" \/><\/figure><\/a><\/div><div class=\"swiper-slide\" role=\"group\" aria-roledescription=\"slide\" aria-label=\"2 of 9\"><a data-elementor-open-lightbox=\"yes\" data-elementor-lightbox-slideshow=\"da97b54\" data-elementor-lightbox-title=\"Spirit Totem 2\" data-elementor-lightbox-description=\"Vitrail perc\u00e9 assembl\u00e9\" data-e-action-hash=\"#elementor-action%3Aaction%3Dlightbox%26settings%3DeyJpZCI6MTE1MiwidXJsIjoiaHR0cDpcL1wvcm9iZXJ0a2VpbGxvci5jb21cL3dwLWNvbnRlbnRcL3VwbG9hZHNcLzIwMjVcLzEyXC9zcGlyaXQtdG90ZW0tMi12aXRyYWlsLTEud2VicCIsInNsaWRlc2hvdyI6ImRhOTdiNTQifQ%3D%3D\" href=\"http:\/\/robertkeillor.com\/wp-content\/uploads\/2025\/12\/spirit-totem-2-vitrail-1.webp\"><figure class=\"swiper-slide-inner\"><img decoding=\"async\" class=\"swiper-slide-image\" src=\"http:\/\/robertkeillor.com\/wp-content\/uploads\/2025\/12\/spirit-totem-2-vitrail-1-229x300.jpg\" alt=\"Totem sculpture en vitrail en Hauts-de-Seine\" \/><\/figure><\/a><\/div><div class=\"swiper-slide\" role=\"group\" aria-roledescription=\"slide\" aria-label=\"3 of 9\"><a data-elementor-open-lightbox=\"yes\" data-elementor-lightbox-slideshow=\"da97b54\" data-elementor-lightbox-title=\"Spirit Totem, detail 4\" data-elementor-lightbox-description=\"Vitrail perc\u00e9 assembl\u00e9\" data-e-action-hash=\"#elementor-action%3Aaction%3Dlightbox%26settings%3DeyJpZCI6ODk0LCJ1cmwiOiJodHRwOlwvXC9yb2JlcnRrZWlsbG9yLmNvbVwvd3AtY29udGVudFwvdXBsb2Fkc1wvMjAyNVwvMTFcL3NwaXJpdC10b3RlbS1kZXRhaWwtNC12aXRyYWlsLmpwZyIsInNsaWRlc2hvdyI6ImRhOTdiNTQifQ%3D%3D\" href=\"http:\/\/robertkeillor.com\/wp-content\/uploads\/2025\/11\/spirit-totem-detail-4-vitrail.jpg\"><figure class=\"swiper-slide-inner\"><img decoding=\"async\" class=\"swiper-slide-image\" src=\"http:\/\/robertkeillor.com\/wp-content\/uploads\/2025\/11\/spirit-totem-detail-4-vitrail-300x150.jpg\" alt=\"Totem sculpture en vitrail en Hauts-de-Seine\" \/><\/figure><\/a><\/div><div class=\"swiper-slide\" role=\"group\" aria-roledescription=\"slide\" aria-label=\"4 of 9\"><a data-elementor-open-lightbox=\"yes\" data-elementor-lightbox-slideshow=\"da97b54\" data-elementor-lightbox-title=\"Spirit Totem, detail 3\" data-elementor-lightbox-description=\"Vitrail perc\u00e9 assembl\u00e9\" data-e-action-hash=\"#elementor-action%3Aaction%3Dlightbox%26settings%3DeyJpZCI6ODk1LCJ1cmwiOiJodHRwOlwvXC9yb2JlcnRrZWlsbG9yLmNvbVwvd3AtY29udGVudFwvdXBsb2Fkc1wvMjAyNVwvMTFcL3NwaXJpdC10b3RlbS1kZXRhaWwtMy12aXRyYWlsLmpwZyIsInNsaWRlc2hvdyI6ImRhOTdiNTQifQ%3D%3D\" href=\"http:\/\/robertkeillor.com\/wp-content\/uploads\/2025\/11\/spirit-totem-detail-3-vitrail.jpg\"><figure class=\"swiper-slide-inner\"><img decoding=\"async\" class=\"swiper-slide-image\" src=\"http:\/\/robertkeillor.com\/wp-content\/uploads\/2025\/11\/spirit-totem-detail-3-vitrail-225x300.jpg\" alt=\"Totem sculpture en vitrail en Hauts-de-Seine\" \/><\/figure><\/a><\/div><div class=\"swiper-slide\" role=\"group\" aria-roledescription=\"slide\" aria-label=\"5 of 9\"><a data-elementor-open-lightbox=\"yes\" data-elementor-lightbox-slideshow=\"da97b54\" data-elementor-lightbox-title=\"Spirit Totem, page photo\" data-elementor-lightbox-description=\"grenouille, detail\" data-e-action-hash=\"#elementor-action%3Aaction%3Dlightbox%26settings%3DeyJpZCI6ODkwLCJ1cmwiOiJodHRwOlwvXC9yb2JlcnRrZWlsbG9yLmNvbVwvd3AtY29udGVudFwvdXBsb2Fkc1wvMjAyNVwvMTFcL3NwaXJpdC10b3RlbS1wYWdlLXBob3RvLXZpdHJhaWwuanBnIiwic2xpZGVzaG93IjoiZGE5N2I1NCJ9\" href=\"http:\/\/robertkeillor.com\/wp-content\/uploads\/2025\/11\/spirit-totem-page-photo-vitrail.jpg\"><figure class=\"swiper-slide-inner\"><img decoding=\"async\" class=\"swiper-slide-image\" src=\"http:\/\/robertkeillor.com\/wp-content\/uploads\/2025\/11\/spirit-totem-page-photo-vitrail-218x300.jpg\" alt=\"Totem sculpture en vitrail en Hauts-de-Seine\" \/><\/figure><\/a><\/div><div class=\"swiper-slide\" role=\"group\" aria-roledescription=\"slide\" aria-label=\"6 of 9\"><a data-elementor-open-lightbox=\"yes\" data-elementor-lightbox-slideshow=\"da97b54\" data-elementor-lightbox-title=\"Spirit Totem detail 7\" data-elementor-lightbox-description=\"Ours\/masque detail\" data-e-action-hash=\"#elementor-action%3Aaction%3Dlightbox%26settings%3DeyJpZCI6MTE1NCwidXJsIjoiaHR0cDpcL1wvcm9iZXJ0a2VpbGxvci5jb21cL3dwLWNvbnRlbnRcL3VwbG9hZHNcLzIwMjVcLzEyXC9zcHJpdGl0LXRvdGVtLWRldGFpbC03LXZpdHJhaWwud2VicCIsInNsaWRlc2hvdyI6ImRhOTdiNTQifQ%3D%3D\" href=\"http:\/\/robertkeillor.com\/wp-content\/uploads\/2025\/12\/spritit-totem-detail-7-vitrail.webp\"><figure class=\"swiper-slide-inner\"><img decoding=\"async\" class=\"swiper-slide-image\" src=\"http:\/\/robertkeillor.com\/wp-content\/uploads\/2025\/12\/spritit-totem-detail-7-vitrail-300x300.jpg\" alt=\"Totem sculpture en vitrail en Hauts-de-Seine\" \/><\/figure><\/a><\/div><div class=\"swiper-slide\" role=\"group\" aria-roledescription=\"slide\" aria-label=\"7 of 9\"><a data-elementor-open-lightbox=\"yes\" data-elementor-lightbox-slideshow=\"da97b54\" data-elementor-lightbox-title=\"Spirit Totem detail 6\" data-elementor-lightbox-description=\"Loup, detail\" data-e-action-hash=\"#elementor-action%3Aaction%3Dlightbox%26settings%3DeyJpZCI6MTE1MywidXJsIjoiaHR0cDpcL1wvcm9iZXJ0a2VpbGxvci5jb21cL3dwLWNvbnRlbnRcL3VwbG9hZHNcLzIwMjVcLzEyXC9zcGlyaXQtdG90ZW0tZGV0YWlsLTYtdml0cmFpbC53ZWJwIiwic2xpZGVzaG93IjoiZGE5N2I1NCJ9\" href=\"http:\/\/robertkeillor.com\/wp-content\/uploads\/2025\/12\/spirit-totem-detail-6-vitrail.webp\"><figure class=\"swiper-slide-inner\"><img decoding=\"async\" class=\"swiper-slide-image\" src=\"http:\/\/robertkeillor.com\/wp-content\/uploads\/2025\/12\/spirit-totem-detail-6-vitrail-300x300.jpg\" alt=\"Totem sculpture en vitrail en Hauts-de-Seine\" \/><\/figure><\/a><\/div><div class=\"swiper-slide\" role=\"group\" aria-roledescription=\"slide\" aria-label=\"8 of 9\"><a data-elementor-open-lightbox=\"yes\" data-elementor-lightbox-slideshow=\"da97b54\" data-elementor-lightbox-title=\"Spirit Totem, detail 2\" data-elementor-lightbox-description=\"Vitrail perc\u00e9 assembl\u00e9\" data-e-action-hash=\"#elementor-action%3Aaction%3Dlightbox%26settings%3DeyJpZCI6ODk2LCJ1cmwiOiJodHRwOlwvXC9yb2JlcnRrZWlsbG9yLmNvbVwvd3AtY29udGVudFwvdXBsb2Fkc1wvMjAyNVwvMTFcL3NwaXJpdC10b3RlbS1kZXRhaWwtMi12aXRyYWlsLmpwZyIsInNsaWRlc2hvdyI6ImRhOTdiNTQifQ%3D%3D\" href=\"http:\/\/robertkeillor.com\/wp-content\/uploads\/2025\/11\/spirit-totem-detail-2-vitrail.jpg\"><figure class=\"swiper-slide-inner\"><img decoding=\"async\" class=\"swiper-slide-image\" src=\"http:\/\/robertkeillor.com\/wp-content\/uploads\/2025\/11\/spirit-totem-detail-2-vitrail-225x300.jpg\" alt=\"Totem sculpture en vitrail en Hauts-de-Seine\" \/><\/figure><\/a><\/div><div class=\"swiper-slide\" role=\"group\" aria-roledescription=\"slide\" aria-label=\"9 of 9\"><a data-elementor-open-lightbox=\"yes\" data-elementor-lightbox-slideshow=\"da97b54\" data-elementor-lightbox-title=\"Spirit Totem, detail 1\" data-elementor-lightbox-description=\"Structure detail 1\" data-e-action-hash=\"#elementor-action%3Aaction%3Dlightbox%26settings%3DeyJpZCI6ODk3LCJ1cmwiOiJodHRwOlwvXC9yb2JlcnRrZWlsbG9yLmNvbVwvd3AtY29udGVudFwvdXBsb2Fkc1wvMjAyNVwvMTFcL3NwaXJpdC10b3RlbS1kZXRhaWwtMS12aXRyYWlsLmpwZyIsInNsaWRlc2hvdyI6ImRhOTdiNTQifQ%3D%3D\" href=\"http:\/\/robertkeillor.com\/wp-content\/uploads\/2025\/11\/spirit-totem-detail-1-vitrail.jpg\"><figure class=\"swiper-slide-inner\"><img decoding=\"async\" class=\"swiper-slide-image\" src=\"http:\/\/robertkeillor.com\/wp-content\/uploads\/2025\/11\/spirit-totem-detail-1-vitrail-300x300.jpg\" alt=\"Totem sculpture en vitrail en Hauts-de-Seine\" \/><\/figure><\/a><\/div>\t\t\t<\/div>\n\t\t\t\t\t\t\t\t\t\t\t\t<div class=\"elementor-swiper-button elementor-swiper-button-prev\" role=\"button\" tabindex=\"0\">\n\t\t\t\t\t\t<svg aria-hidden=\"true\" class=\"e-font-icon-svg e-eicon-chevron-left\" viewBox=\"0 0 1000 1000\" xmlns=\"http:\/\/www.w3.org\/2000\/svg\"><path d=\"M646 125C629 125 613 133 604 142L308 442C296 454 292 471 292 487 292 504 296 521 308 533L604 854C617 867 629 875 646 875 663 875 679 871 692 858 704 846 713 829 713 812 713 796 708 779 692 767L438 487 692 225C700 217 708 204 708 187 708 171 704 154 692 142 675 129 663 125 646 125Z\"><\/path><\/svg>\t\t\t\t\t<\/div>\n\t\t\t\t\t<div class=\"elementor-swiper-button elementor-swiper-button-next\" role=\"button\" tabindex=\"0\">\n\t\t\t\t\t\t<svg aria-hidden=\"true\" class=\"e-font-icon-svg e-eicon-chevron-right\" viewBox=\"0 0 1000 1000\" xmlns=\"http:\/\/www.w3.org\/2000\/svg\"><path d=\"M696 533C708 521 713 504 713 487 713 471 708 454 696 446L400 146C388 133 375 125 354 125 338 125 325 129 313 142 300 154 292 171 292 187 292 204 296 221 308 233L563 492 304 771C292 783 288 800 288 817 288 833 296 850 308 863 321 871 338 875 354 875 371 875 388 867 400 854L696 533Z\"><\/path><\/svg>\t\t\t\t\t<\/div>\n\t\t\t\t\n\t\t\t\t\t\t\t\t\t<div class=\"swiper-pagination\"><\/div>\n\t\t\t\t\t\t\t\t\t<\/div>\n\t\t\t\t\t\t<\/div>\n\t\t\t\t\t<\/div>\n\t\t\t\t<\/div>\n\t\t<div class=\"elementor-element elementor-element-27e2330 e-flex e-con-boxed e-con e-parent\" data-id=\"27e2330\" data-element_type=\"container\" data-e-type=\"container\">\n\t\t\t\t\t<div class=\"e-con-inner\">\n\t\t\t\t<div class=\"elementor-element elementor-element-79fb548 elementor-align-center elementor-widget elementor-widget-button\" data-id=\"79fb548\" data-element_type=\"widget\" data-e-type=\"widget\" data-widget_type=\"button.default\">\n\t\t\t\t\t\t\t\t\t\t<a class=\"elementor-button elementor-button-link elementor-size-sm\" href=\"https:\/\/robertkeillor.com\/index.php\/contact-2\/\">\n\t\t\t\t\t\t<span class=\"elementor-button-content-wrapper\">\n\t\t\t\t\t\t\t\t\t<span class=\"elementor-button-text\">contactez nous pour votre projet<\/span>\n\t\t\t\t\t<\/span>\n\t\t\t\t\t<\/a>\n\t\t\t\t\t\t\t\t<\/div>\n\t\t\t\t\t<\/div>\n\t\t\t\t<\/div>\n\t\t<div class=\"elementor-element elementor-element-224cae4 e-flex e-con-boxed e-con e-parent\" data-id=\"224cae4\" data-element_type=\"container\" data-e-type=\"container\">\n\t\t\t\t\t<div class=\"e-con-inner\">\n\t\t\t\t<div class=\"elementor-element elementor-element-5f8318c elementor-widget__width-initial elementor-widget-divider--view-line elementor-widget elementor-widget-divider\" data-id=\"5f8318c\" data-element_type=\"widget\" data-e-type=\"widget\" data-widget_type=\"divider.default\">\n\t\t\t\t\t\t\t<div class=\"elementor-divider\">\n\t\t\t<span class=\"elementor-divider-separator\">\n\t\t\t\t\t\t<\/span>\n\t\t<\/div>\n\t\t\t\t\t\t<\/div>\n\t\t\t\t<div class=\"elementor-element elementor-element-69667a2 elementor-widget__width-initial elementor-widget-divider--view-line elementor-widget elementor-widget-divider\" data-id=\"69667a2\" data-element_type=\"widget\" data-e-type=\"widget\" data-widget_type=\"divider.default\">\n\t\t\t\t\t\t\t<div class=\"elementor-divider\">\n\t\t\t<span class=\"elementor-divider-separator\">\n\t\t\t\t\t\t<\/span>\n\t\t<\/div>\n\t\t\t\t\t\t<\/div>\n\t\t\t\t<div class=\"elementor-element elementor-element-d4567dc elementor-widget__width-initial elementor-widget elementor-widget-heading\" data-id=\"d4567dc\" data-element_type=\"widget\" data-e-type=\"widget\" data-widget_type=\"heading.default\">\n\t\t\t\t\t<h1 class=\"elementor-heading-title elementor-size-default\">Ma\u00eetre verrier - cr\u00e9ation et restauration de vitrail, verre moul\u00e9, verre sabl\u00e9, sculpture<\/h1>\t\t\t\t<\/div>\n\t\t\t\t\t<\/div>\n\t\t\t\t<\/div>\n\t\t<div class=\"elementor-element elementor-element-5968ff5 e-flex e-con-boxed e-con e-parent\" data-id=\"5968ff5\" data-element_type=\"container\" data-e-type=\"container\">\n\t\t\t\t\t<div class=\"e-con-inner\">\n\t\t\t\t<div class=\"elementor-element elementor-element-a4e33cd elementor-widget elementor-widget-heading\" data-id=\"a4e33cd\" data-element_type=\"widget\" data-e-type=\"widget\" data-widget_type=\"heading.default\">\n\t\t\t\t\t<h2 class=\"elementor-heading-title elementor-size-default\">Boulogne Billancourt \u2013 Chatillon \u2013 Chaville \u2013 Clamart - Fontenay-aux-Roses \u2013 Garches - Issy les Moulineaux - Le Plessis Robinson \u2013 Malakoff - Marnes la Coquette \u2013 Meudon \u2013 Montrouge \u2013 Paris - Saint Cloud \u2013 S\u00e8vres \u2013 Suresnes \u2013 Vanves - V\u00e9lizy Villacoublay \u2013 Versailles - Ville d\u2019Avray \u2013 Viroflay<\/h2>\t\t\t\t<\/div>\n\t\t\t\t\t<\/div>\n\t\t\t\t<\/div>\n\t\t\t\t<\/div>\n\t\t","protected":false},"excerpt":{"rendered":"<p>robert@robertkeillor.com\u00a0 \u00a0 06 26 28 10 27 spirit totem Le spirit Totem est n\u00e9 comme les autres totems traditionnels, pour [&hellip;]<\/p>\n","protected":false},"author":1,"featured_media":0,"parent":0,"menu_order":0,"comment_status":"closed","ping_status":"closed","template":"","meta":{"site-sidebar-layout":"no-sidebar","site-content-layout":"","ast-site-content-layout":"full-width-container","site-content-style":"default","site-sidebar-style":"default","ast-global-header-display":"","ast-banner-title-visibility":"","ast-main-header-display":"","ast-hfb-above-header-display":"","ast-hfb-below-header-display":"","ast-hfb-mobile-header-display":"","site-post-title":"","ast-breadcrumbs-content":"","ast-featured-img":"disabled","footer-sml-layout":"","ast-disable-related-posts":"","theme-transparent-header-meta":"","adv-header-id-meta":"","stick-header-meta":"","header-above-stick-meta":"","header-main-stick-meta":"","header-below-stick-meta":"","astra-migrate-meta-layouts":"default","ast-page-background-enabled":"default","ast-page-background-meta":{"desktop":{"background-color":"var(--ast-global-color-5)","background-image":"","background-repeat":"repeat","background-position":"center center","background-size":"auto","background-attachment":"scroll","background-type":"","background-media":"","overlay-type":"","overlay-color":"","overlay-opacity":"","overlay-gradient":""},"tablet":{"background-color":"","background-image":"","background-repeat":"repeat","background-position":"center center","background-size":"auto","background-attachment":"scroll","background-type":"","background-media":"","overlay-type":"","overlay-color":"","overlay-opacity":"","overlay-gradient":""},"mobile":{"background-color":"","background-image":"","background-repeat":"repeat","background-position":"center center","background-size":"auto","background-attachment":"scroll","background-type":"","background-media":"","overlay-type":"","overlay-color":"","overlay-opacity":"","overlay-gradient":""}},"ast-content-background-meta":{"desktop":{"background-color":"var(--ast-global-color-4)","background-image":"","background-repeat":"repeat","background-position":"center center","background-size":"auto","background-attachment":"scroll","background-type":"","background-media":"","overlay-type":"","overlay-color":"","overlay-opacity":"","overlay-gradient":""},"tablet":{"background-color":"var(--ast-global-color-4)","background-image":"","background-repeat":"repeat","background-position":"center center","background-size":"auto","background-attachment":"scroll","background-type":"","background-media":"","overlay-type":"","overlay-color":"","overlay-opacity":"","overlay-gradient":""},"mobile":{"background-color":"var(--ast-global-color-4)","background-image":"","background-repeat":"repeat","background-position":"center center","background-size":"auto","background-attachment":"scroll","background-type":"","background-media":"","overlay-type":"","overlay-color":"","overlay-opacity":"","overlay-gradient":""}},"footnotes":""},"class_list":["post-566","page","type-page","status-publish","hentry"],"_links":{"self":[{"href":"https:\/\/robertkeillor.com\/index.php\/wp-json\/wp\/v2\/pages\/566","targetHints":{"allow":["GET"]}}],"collection":[{"href":"https:\/\/robertkeillor.com\/index.php\/wp-json\/wp\/v2\/pages"}],"about":[{"href":"https:\/\/robertkeillor.com\/index.php\/wp-json\/wp\/v2\/types\/page"}],"author":[{"embeddable":true,"href":"https:\/\/robertkeillor.com\/index.php\/wp-json\/wp\/v2\/users\/1"}],"replies":[{"embeddable":true,"href":"https:\/\/robertkeillor.com\/index.php\/wp-json\/wp\/v2\/comments?post=566"}],"version-history":[{"count":55,"href":"https:\/\/robertkeillor.com\/index.php\/wp-json\/wp\/v2\/pages\/566\/revisions"}],"predecessor-version":[{"id":1505,"href":"https:\/\/robertkeillor.com\/index.php\/wp-json\/wp\/v2\/pages\/566\/revisions\/1505"}],"wp:attachment":[{"href":"https:\/\/robertkeillor.com\/index.php\/wp-json\/wp\/v2\/media?parent=566"}],"curies":[{"name":"wp","href":"https:\/\/api.w.org\/{rel}","templated":true}]}}